{"id":4149,"date":"2024-11-12T07:39:19","date_gmt":"2024-11-12T07:39:19","guid":{"rendered":"https:\/\/www.bikago.com\/bali-vermietung\/die-nr-1-unter-den-motorrad-und-roller-verleihfirmen-am-flughafen-bali-dps\/"},"modified":"2024-11-12T07:39:19","modified_gmt":"2024-11-12T07:39:19","slug":"die-nr-1-unter-den-motorrad-und-roller-verleihfirmen-am-flughafen-bali-dps","status":"publish","type":"page","link":"https:\/\/www.bikago.com\/de\/bali\/die-nr-1-unter-den-motorrad-und-roller-verleihfirmen-am-flughafen-bali-dps\/","title":{"rendered":"Die Nr. 1 unter den Motorrad- und Roller-Verleihfirmen am Flughafen Bali (DPS)"},"content":{"rendered":"<h2>Entdecken Sie den Fahrradverleih am Flughafen Bali (DPS)<\/h2>\n<p>Landung und sofortige Weiterfahrt. Die Fortbewegung am Ngurah Rai International Airport (DPS) kann chaotisch sein. Umgehen Sie \u00fcberteuerte Taxis und verwirrende Beschr\u00e4nkungen f\u00fcr Mitfahrgelegenheiten. Bikago bietet Ihnen einen nahtlosen, erstklassigen Motorradverleih direkt am Flughafen Bali.   <\/p>\n<p>Buchen Sie Ihre Fahrt jetzt online und erhalten Sie sofort eine Best\u00e4tigung! Unser engagiertes Flughafenteam sorgt daf\u00fcr, dass Ihr Leihfahrrad versichert, desinfiziert und fahrbereit ist, wenn Sie die Zollkontrolle passieren. <\/p>\n<p>&nbsp;<\/p>\n<h3>Problemloser Rollerverleih am internationalen Flughafen Ngurah Rai<\/h3>\n<p>Das Mieten eines Rollers auf Bali kann riskant sein. Vermeiden Sie g\u00e4ngige Betrugsmaschen bei der Vermietung, unzuverl\u00e4ssige alte Motorr\u00e4der und verwirrende \u201ekeine Versicherung\u201c-Richtlinien. Bikago ist der vertrauensw\u00fcrdigste Vermieter auf Bali (4,9\u2b50) und bietet Ihnen Sicherheit, Zuverl\u00e4ssigkeit und Professionalit\u00e4t vom Moment Ihrer Ankunft an.  <\/p>\n<p>&nbsp;<\/p>\n<ol>\n<li><strong>Bequemlichkeit<\/strong>: Verabschieden Sie sich von langen Warteschlangen und Transportschwierigkeiten. Mit Bikago, der Motorrad- und Rollervermietung am Flughafen von Bali, beginnt Ihre Reise in dem Moment, in dem Sie landen. <\/li>\n<li><strong>Freiheit zum Herumstreifen<\/strong>: Erleben Sie Bali nach Ihren eigenen Vorstellungen. Mit den Mietrollern k\u00f6nnen Sie versteckte Juwelen, malerische D\u00f6rfer und atemberaubende Str\u00e4nde in Ihrem eigenen Tempo erkunden. <\/li>\n<li><strong>Kosteneffektiv<\/strong>: Sparen Sie sowohl Zeit als auch Transportkosten mit unseren Qualit\u00e4tsrollern, die Sie mieten k\u00f6nnen. Sie sind kraftstoffsparend und leicht zu man\u00f6vrieren und damit die ideale Wahl f\u00fcr preisbewusste Reisende. <\/li>\n<li><strong>Vermeiden Sie Verkehrsstaus<\/strong>: Balis Stra\u00dfen sind vor allem zu den Hauptverkehrszeiten verstopft. Scooter sind wendig und erm\u00f6glichen es Ihnen, den Verkehr z\u00fcgig zu bew\u00e4ltigen, wodurch Sie wertvolle Zeit sparen. <\/li>\n<li><strong>Lokale Erfahrung<\/strong>: Mischen Sie sich unter die Einheimischen, die f\u00fcr ihre t\u00e4glichen Fahrten auf Motorroller angewiesen sind. Sp\u00fcren Sie die authentische balinesische Lebensweise, w\u00e4hrend Sie die Sch\u00e4tze der Insel erkunden. <\/li>\n<li><strong>M\u00fchelose Buchung<\/strong>: Unser Online-Buchungssystem sorgt f\u00fcr einen reibungslosen Ablauf. Reservieren Sie Ihren Roller im Voraus, damit er am Flughafen Bali f\u00fcr Sie bereitsteht. <\/li>\n<\/ol>\n<p>&nbsp;<\/p>\n<h2>Bikago \u2013 Bewertungen zu Rollerverleih am Flughafen<\/h2>\n<p><script src=\"https:\/\/static.elfsight.com\/platform\/platform.js\" async=\"\"><\/script><\/p>\n<div class=\"elfsight-app-20c96eca-d5c7-42dd-be74-4c299bfa619d\" data-elfsight-app-lazy=\"\"><\/div>\n<p>&nbsp;<\/p>\n<h3><strong>Warum Bikago w\u00e4hlen?<\/strong><\/h3>\n<ol>\n<li><strong>Gro\u00dfe Auswahl<\/strong>: Bikago bietet eine gro\u00dfe Auswahl an gut gewarteten Motorrollern und Motorr\u00e4dern, die Ihren Mietvorlieben entsprechen.<\/li>\n<li><strong>Sicherheit geht vor<\/strong>: Ihre Sicherheit ist uns wichtig. Unsere Roller werden sorgf\u00e4ltig gewartet, mit hygienisch einwandfreien Helmen ausgestattet und mit Sicherheitstipps versehen, damit Sie sorgenfrei fahren k\u00f6nnen. <\/li>\n<li><strong>24\/7 Unterst\u00fctzung<\/strong>: Reisepannen k\u00f6nnen passieren, aber wir halten Ihnen den R\u00fccken frei. Unser englischsprachiger 24\/7-Kundenservice ist nur einen Anruf entfernt, um Ihnen zu helfen. <\/li>\n<li><strong>Erschwingliche Preise<\/strong>: Genie\u00dfen Sie wettbewerbsf\u00e4hige Tarife und transparente Preise ohne versteckte Geb\u00fchren.<\/li>\n<li><strong>TripAdvisor schw\u00e4rmt seit 2014: <\/strong>Wir wollen nicht prahlen, aber wir haben seit 2014 immer wieder Auszeichnungen wie das <a href=\"https:\/\/www.tripadvisor.com\/Attraction_Review-g297694-d8028116-Reviews-Bikago-Denpasar_Bali.html\" target=\"_blank\" rel=\"noopener\">Zertifikat f\u00fcr Exzellenz von TripAdvisor<\/a> erhalten. Seitdem haben unsere Rollervermietungen die Herzen erobert. <\/li>\n<\/ol>\n<p>&nbsp;<\/p>\n<h2><strong>Wir liefern \u00fcberallhin! <\/strong><\/h2>\n<p>Jede Sekunde Ihres Urlaubs z\u00e4hlt. Buchen Sie Ihre Roller und lassen Sie sie zu Ihrem Hotel liefern. <\/p>\n<h3>Orte, an denen wir Ihr Leihfahrrad auf Bali liefern:<\/h3>\n<p>Wir bieten eine fl\u00e4chendeckende Versorgung auf der ganzen Insel!<\/p>\n<ul class=\"check\">\n<li id=\"menu-item-819\" class=\"menu-item menu-item-type-post_type menu-item-object-location menu-item-819\"><a href=\"https:\/\/www.bikago.com\/bali\/canggu-scooter-motorbike-rental\/\">Fahrrad- und Rollerverleih in Canggu<\/a><\/li>\n<li id=\"menu-item-820\" class=\"menu-item menu-item-type-post_type menu-item-object-location menu-item-820\"><a href=\"https:\/\/www.bikago.com\/bali\/jimbaran-scooter-rental\/\">Fahrrad- und Rollerverleih in Jimbaran<\/a><\/li>\n<li id=\"menu-item-1143\" class=\"menu-item menu-item-type-post_type menu-item-object-location menu-item-1143\"><a href=\"https:\/\/www.bikago.com\/bali\/lovina-scooter-rental\/\">Fahrrad- und Rollerverleih in Lovina<\/a><\/li>\n<li id=\"menu-item-1171\" class=\"menu-item menu-item-type-post_type menu-item-object-location menu-item-1171\"><a href=\"https:\/\/www.bikago.com\/bali\/padangbai-pickup-drop-off-point\/\">Fahrrad- und Rollerverleih in Padangbai<\/a><\/li>\n<li id=\"menu-item-818\" class=\"menu-item menu-item-type-post_type menu-item-object-location menu-item-818\"><a href=\"https:\/\/www.bikago.com\/bali\/sanur-scooter-rental\/\">Fahrrad- und Rollerverleih in Sanur<\/a><\/li>\n<li id=\"menu-item-821\" class=\"menu-item menu-item-type-post_type menu-item-object-location menu-item-821\"><a href=\"https:\/\/www.bikago.com\/bali\/scooter-motorbike-rental-seminyak\/\">Fahrrad- und Rollerverleih in Seminyak<\/a><\/li>\n<li id=\"menu-item-1012\" class=\"menu-item menu-item-type-post_type menu-item-object-location menu-item-1012\"><a href=\"\/bali\/ubud\/\">Fahrrad- und Rollerverleih in Ubud<\/a><\/li>\n<\/ul>\n<p>&nbsp;<\/p>\n<h2><strong>Beginnen Sie noch heute Ihr Bali-Abenteuer<\/strong><\/h2>\n<p>Warten Sie nicht l\u00e4nger und entdecken Sie die atemberaubenden Landschaften, die lebendige Kultur und die unber\u00fchrten Str\u00e4nde Balis. <a href=\"https:\/\/www.bikago.com\/de\/\">Buchen Sie eine Rollervermietung in Bali oder am Flughafen.<\/a> Ein Vertreter von Bikago wird bei Ihrer Ankunft am Flughafen Bali auf Sie warten. Buchen Sie jetzt und begeben Sie sich auf eine unvergessliche Reise \u00fcber die Insel der G\u00f6tter. <\/p>\n<p>Vergewissern Sie sich, dass Sie \u00fcber alle lokalen Stra\u00dfenverkehrsgesetze auf dem Laufenden sind. Sehen Sie sich unsere umfassende <a href=\"https:\/\/help.bikago.com\/en\">Wissensdatenbank<\/a> an, die Ihnen helfen soll, auf Bali sicher zu fahren. <\/p>\n","protected":false},"excerpt":{"rendered":"<p>Entdecken Sie den Fahrradverleih am Flughafen Bali (DPS) Landung und sofortige Weiterfahrt. Die Fortbewegung am Ngurah Rai International Airport (DPS) kann chaotisch sein. Umgehen Sie \u00fcberteuerte Taxis und verwirrende Beschr\u00e4nkungen f\u00fcr Mitfahrgelegenheiten. Bikago bietet Ihnen einen nahtlosen, erstklassigen Motorradverleih direkt am Flughafen Bali. Buchen Sie Ihre Fahrt jetzt online und erhalten Sie sofort eine Best\u00e4tigung! [&hellip;]<\/p>\n","protected":false},"author":1,"featured_media":4148,"parent":4079,"menu_order":0,"comment_status":"closed","ping_status":"closed","template":"","meta":{"_acf_changed":false,"footnotes":""},"location-tag":[30],"class_list":["post-4149","page","type-page","status-publish","has-post-thumbnail","hentry","location-tag-bali"],"acf":[],"yoast_head":"<!-- This site is optimized with the Yoast SEO Premium plugin v27.4 (Yoast SEO v27.4) - https:\/\/yoast.com\/product\/yoast-seo-premium-wordpress\/ -->\n<title>Rollerverleih Flughafen Bali<\/title>\n<meta name=\"description\" content=\"Sie kommen am DPS an? Mieten Sie einen hochwertigen, versicherten Roller am Flughafen Bali Ngurah Rai. Schnelle Abholung, keine Pass- oder Barhinterlegung und Support rund um die Uhr. Umgehen Sie das Verkehrschaos und fahren Sie los!\" \/>\n<meta name=\"robots\" content=\"index, follow, max-snippet:-1, max-image-preview:large, max-video-preview:-1\" \/>\n<link rel=\"canonical\" href=\"https:\/\/www.bikago.com\/de\/wp-json\/wp\/v2\/pages\/4149\/\" \/>\n<meta property=\"og:locale\" content=\"de_DE\" \/>\n<meta property=\"og:type\" content=\"article\" \/>\n<meta property=\"og:title\" content=\"Die Nr. 1 unter den Motorrad- und Roller-Verleihfirmen am Flughafen Bali (DPS)\" \/>\n<meta property=\"og:description\" content=\"Sie kommen am DPS an? Mieten Sie einen hochwertigen, versicherten Roller am Flughafen Bali Ngurah Rai. Schnelle Abholung, keine Pass- oder Barhinterlegung und Support rund um die Uhr. Umgehen Sie das Verkehrschaos und fahren Sie los!\" \/>\n<meta property=\"og:url\" content=\"https:\/\/www.bikago.com\/de\/bali\/die-nr-1-unter-den-motorrad-und-roller-verleihfirmen-am-flughafen-bali-dps\/\" \/>\n<meta property=\"og:site_name\" content=\"Bikago\" \/>\n<meta property=\"article:publisher\" content=\"https:\/\/www.facebook.com\/bikago.rental\" \/>\n<meta property=\"og:image\" content=\"https:\/\/www.bikago.com\/wp-content\/uploads\/2025\/05\/airport.webp\" \/>\n\t<meta property=\"og:image:width\" content=\"264\" \/>\n\t<meta property=\"og:image:height\" content=\"396\" \/>\n\t<meta property=\"og:image:type\" content=\"image\/webp\" \/>\n<meta name=\"twitter:card\" content=\"summary_large_image\" \/>\n<meta name=\"twitter:label1\" content=\"Gesch\u00e4tzte Lesezeit\" \/>\n\t<meta name=\"twitter:data1\" content=\"3\u00a0Minuten\" \/>\n<script type=\"application\/ld+json\" class=\"yoast-schema-graph\">{\"@context\":\"https:\\\/\\\/schema.org\",\"@graph\":[{\"@type\":\"WebPage\",\"@id\":\"https:\\\/\\\/www.bikago.com\\\/de\\\/bali\\\/die-nr-1-unter-den-motorrad-und-roller-verleihfirmen-am-flughafen-bali-dps\\\/\",\"url\":\"https:\\\/\\\/www.bikago.com\\\/de\\\/bali\\\/die-nr-1-unter-den-motorrad-und-roller-verleihfirmen-am-flughafen-bali-dps\\\/\",\"name\":\"Rollerverleih Flughafen Bali\",\"isPartOf\":{\"@id\":\"https:\\\/\\\/www.bikago.com\\\/de\\\/#website\"},\"primaryImageOfPage\":{\"@id\":\"https:\\\/\\\/www.bikago.com\\\/de\\\/bali\\\/die-nr-1-unter-den-motorrad-und-roller-verleihfirmen-am-flughafen-bali-dps\\\/#primaryimage\"},\"image\":{\"@id\":\"https:\\\/\\\/www.bikago.com\\\/de\\\/bali\\\/die-nr-1-unter-den-motorrad-und-roller-verleihfirmen-am-flughafen-bali-dps\\\/#primaryimage\"},\"thumbnailUrl\":\"https:\\\/\\\/www.bikago.com\\\/wp-content\\\/uploads\\\/2025\\\/05\\\/airport.webp\",\"datePublished\":\"2024-11-12T07:39:19+00:00\",\"description\":\"Sie kommen am DPS an? Mieten Sie einen hochwertigen, versicherten Roller am Flughafen Bali Ngurah Rai. Schnelle Abholung, keine Pass- oder Barhinterlegung und Support rund um die Uhr. Umgehen Sie das Verkehrschaos und fahren Sie los!\",\"breadcrumb\":{\"@id\":\"https:\\\/\\\/www.bikago.com\\\/de\\\/bali\\\/die-nr-1-unter-den-motorrad-und-roller-verleihfirmen-am-flughafen-bali-dps\\\/#breadcrumb\"},\"inLanguage\":\"de\",\"potentialAction\":[{\"@type\":\"ReadAction\",\"target\":[\"https:\\\/\\\/www.bikago.com\\\/de\\\/bali\\\/die-nr-1-unter-den-motorrad-und-roller-verleihfirmen-am-flughafen-bali-dps\\\/\"]}]},{\"@type\":\"ImageObject\",\"inLanguage\":\"de\",\"@id\":\"https:\\\/\\\/www.bikago.com\\\/de\\\/bali\\\/die-nr-1-unter-den-motorrad-und-roller-verleihfirmen-am-flughafen-bali-dps\\\/#primaryimage\",\"url\":\"https:\\\/\\\/www.bikago.com\\\/wp-content\\\/uploads\\\/2025\\\/05\\\/airport.webp\",\"contentUrl\":\"https:\\\/\\\/www.bikago.com\\\/wp-content\\\/uploads\\\/2025\\\/05\\\/airport.webp\",\"width\":264,\"height\":396,\"caption\":\"airport\"},{\"@type\":\"BreadcrumbList\",\"@id\":\"https:\\\/\\\/www.bikago.com\\\/de\\\/bali\\\/die-nr-1-unter-den-motorrad-und-roller-verleihfirmen-am-flughafen-bali-dps\\\/#breadcrumb\",\"itemListElement\":[{\"@type\":\"ListItem\",\"position\":1,\"name\":\"Home\",\"item\":\"https:\\\/\\\/www.bikago.com\\\/de\\\/roller-verleih-in-bali-lombok-phuket-krabi-und-chiang-mai\\\/\"},{\"@type\":\"ListItem\",\"position\":2,\"name\":\"Bali Vermietung\",\"item\":\"https:\\\/\\\/www.bikago.com\\\/de\\\/bali\\\/\"},{\"@type\":\"ListItem\",\"position\":3,\"name\":\"Die Nr. 1 unter den Motorrad- und Roller-Verleihfirmen am Flughafen Bali (DPS)\"}]},{\"@type\":\"WebSite\",\"@id\":\"https:\\\/\\\/www.bikago.com\\\/de\\\/#website\",\"url\":\"https:\\\/\\\/www.bikago.com\\\/de\\\/\",\"name\":\"Bikago\",\"description\":\"\",\"publisher\":{\"@id\":\"https:\\\/\\\/www.bikago.com\\\/de\\\/#organization\"},\"potentialAction\":[{\"@type\":\"SearchAction\",\"target\":{\"@type\":\"EntryPoint\",\"urlTemplate\":\"https:\\\/\\\/www.bikago.com\\\/de\\\/?s={search_term_string}\"},\"query-input\":{\"@type\":\"PropertyValueSpecification\",\"valueRequired\":true,\"valueName\":\"search_term_string\"}}],\"inLanguage\":\"de\"},{\"@type\":[\"Organization\",\"Place\"],\"@id\":\"https:\\\/\\\/www.bikago.com\\\/de\\\/#organization\",\"name\":\"Bikago - Quality Bike Rentals\",\"alternateName\":\"Bikago - Quality Bike Rentals\",\"url\":\"https:\\\/\\\/www.bikago.com\\\/de\\\/\",\"logo\":{\"@id\":\"https:\\\/\\\/www.bikago.com\\\/de\\\/bali\\\/die-nr-1-unter-den-motorrad-und-roller-verleihfirmen-am-flughafen-bali-dps\\\/#local-main-organization-logo\"},\"image\":{\"@id\":\"https:\\\/\\\/www.bikago.com\\\/de\\\/bali\\\/die-nr-1-unter-den-motorrad-und-roller-verleihfirmen-am-flughafen-bali-dps\\\/#local-main-organization-logo\"},\"sameAs\":[\"https:\\\/\\\/www.facebook.com\\\/bikago.rental\",\"https:\\\/\\\/www.instagram.com\\\/bikago.bikerental\",\"https:\\\/\\\/www.linkedin.com\\\/company\\\/bikago\"],\"description\":\"Bikago is Southeast Asia's leading premium motorbike and scooter rental provider, offering trusted, safety-first rentals across Indonesia (Bali, Lombok) and Thailand (Phuket, Krabi, Chiang Mai). Famed for its impeccably maintained, fully-insured fleet and 24\\\/7 English-speaking roadside assistance, Bikago delivers a worry-free travel and rental experience, empowering adventurers to explore the region's best destinations.\",\"legalName\":\"Bikago Pte Ltd.\",\"foundingDate\":\"2014-03-20\",\"numberOfEmployees\":{\"@type\":\"QuantitativeValue\",\"minValue\":\"51\",\"maxValue\":\"200\"},\"telephone\":[],\"openingHoursSpecification\":[{\"@type\":\"OpeningHoursSpecification\",\"dayOfWeek\":[\"Monday\",\"Tuesday\",\"Wednesday\",\"Thursday\",\"Friday\",\"Saturday\",\"Sunday\"],\"opens\":\"09:00\",\"closes\":\"17:00\"}]},{\"@type\":\"ImageObject\",\"inLanguage\":\"de\",\"@id\":\"https:\\\/\\\/www.bikago.com\\\/de\\\/bali\\\/die-nr-1-unter-den-motorrad-und-roller-verleihfirmen-am-flughafen-bali-dps\\\/#local-main-organization-logo\",\"url\":\"https:\\\/\\\/www.bikago.com\\\/wp-content\\\/uploads\\\/2025\\\/10\\\/Bikago-logo-Yellow-White-Square.jpg\",\"contentUrl\":\"https:\\\/\\\/www.bikago.com\\\/wp-content\\\/uploads\\\/2025\\\/10\\\/Bikago-logo-Yellow-White-Square.jpg\",\"width\":1000,\"height\":1000,\"caption\":\"Bikago - Quality Bike Rentals\"}]}<\/script>\n<!-- \/ Yoast SEO Premium plugin. -->","yoast_head_json":{"title":"Rollerverleih Flughafen Bali","description":"Sie kommen am DPS an? Mieten Sie einen hochwertigen, versicherten Roller am Flughafen Bali Ngurah Rai. Schnelle Abholung, keine Pass- oder Barhinterlegung und Support rund um die Uhr. Umgehen Sie das Verkehrschaos und fahren Sie los!","robots":{"index":"index","follow":"follow","max-snippet":"max-snippet:-1","max-image-preview":"max-image-preview:large","max-video-preview":"max-video-preview:-1"},"canonical":"https:\/\/www.bikago.com\/de\/wp-json\/wp\/v2\/pages\/4149\/","og_locale":"de_DE","og_type":"article","og_title":"Die Nr. 1 unter den Motorrad- und Roller-Verleihfirmen am Flughafen Bali (DPS)","og_description":"Sie kommen am DPS an? Mieten Sie einen hochwertigen, versicherten Roller am Flughafen Bali Ngurah Rai. Schnelle Abholung, keine Pass- oder Barhinterlegung und Support rund um die Uhr. Umgehen Sie das Verkehrschaos und fahren Sie los!","og_url":"https:\/\/www.bikago.com\/de\/bali\/die-nr-1-unter-den-motorrad-und-roller-verleihfirmen-am-flughafen-bali-dps\/","og_site_name":"Bikago","article_publisher":"https:\/\/www.facebook.com\/bikago.rental","og_image":[{"width":264,"height":396,"url":"https:\/\/www.bikago.com\/wp-content\/uploads\/2025\/05\/airport.webp","type":"image\/webp"}],"twitter_card":"summary_large_image","twitter_misc":{"Gesch\u00e4tzte Lesezeit":"3\u00a0Minuten"},"schema":{"@context":"https:\/\/schema.org","@graph":[{"@type":"WebPage","@id":"https:\/\/www.bikago.com\/de\/bali\/die-nr-1-unter-den-motorrad-und-roller-verleihfirmen-am-flughafen-bali-dps\/","url":"https:\/\/www.bikago.com\/de\/bali\/die-nr-1-unter-den-motorrad-und-roller-verleihfirmen-am-flughafen-bali-dps\/","name":"Rollerverleih Flughafen Bali","isPartOf":{"@id":"https:\/\/www.bikago.com\/de\/#website"},"primaryImageOfPage":{"@id":"https:\/\/www.bikago.com\/de\/bali\/die-nr-1-unter-den-motorrad-und-roller-verleihfirmen-am-flughafen-bali-dps\/#primaryimage"},"image":{"@id":"https:\/\/www.bikago.com\/de\/bali\/die-nr-1-unter-den-motorrad-und-roller-verleihfirmen-am-flughafen-bali-dps\/#primaryimage"},"thumbnailUrl":"https:\/\/www.bikago.com\/wp-content\/uploads\/2025\/05\/airport.webp","datePublished":"2024-11-12T07:39:19+00:00","description":"Sie kommen am DPS an? Mieten Sie einen hochwertigen, versicherten Roller am Flughafen Bali Ngurah Rai. Schnelle Abholung, keine Pass- oder Barhinterlegung und Support rund um die Uhr. Umgehen Sie das Verkehrschaos und fahren Sie los!","breadcrumb":{"@id":"https:\/\/www.bikago.com\/de\/bali\/die-nr-1-unter-den-motorrad-und-roller-verleihfirmen-am-flughafen-bali-dps\/#breadcrumb"},"inLanguage":"de","potentialAction":[{"@type":"ReadAction","target":["https:\/\/www.bikago.com\/de\/bali\/die-nr-1-unter-den-motorrad-und-roller-verleihfirmen-am-flughafen-bali-dps\/"]}]},{"@type":"ImageObject","inLanguage":"de","@id":"https:\/\/www.bikago.com\/de\/bali\/die-nr-1-unter-den-motorrad-und-roller-verleihfirmen-am-flughafen-bali-dps\/#primaryimage","url":"https:\/\/www.bikago.com\/wp-content\/uploads\/2025\/05\/airport.webp","contentUrl":"https:\/\/www.bikago.com\/wp-content\/uploads\/2025\/05\/airport.webp","width":264,"height":396,"caption":"airport"},{"@type":"BreadcrumbList","@id":"https:\/\/www.bikago.com\/de\/bali\/die-nr-1-unter-den-motorrad-und-roller-verleihfirmen-am-flughafen-bali-dps\/#breadcrumb","itemListElement":[{"@type":"ListItem","position":1,"name":"Home","item":"https:\/\/www.bikago.com\/de\/roller-verleih-in-bali-lombok-phuket-krabi-und-chiang-mai\/"},{"@type":"ListItem","position":2,"name":"Bali Vermietung","item":"https:\/\/www.bikago.com\/de\/bali\/"},{"@type":"ListItem","position":3,"name":"Die Nr. 1 unter den Motorrad- und Roller-Verleihfirmen am Flughafen Bali (DPS)"}]},{"@type":"WebSite","@id":"https:\/\/www.bikago.com\/de\/#website","url":"https:\/\/www.bikago.com\/de\/","name":"Bikago","description":"","publisher":{"@id":"https:\/\/www.bikago.com\/de\/#organization"},"potentialAction":[{"@type":"SearchAction","target":{"@type":"EntryPoint","urlTemplate":"https:\/\/www.bikago.com\/de\/?s={search_term_string}"},"query-input":{"@type":"PropertyValueSpecification","valueRequired":true,"valueName":"search_term_string"}}],"inLanguage":"de"},{"@type":["Organization","Place"],"@id":"https:\/\/www.bikago.com\/de\/#organization","name":"Bikago - Quality Bike Rentals","alternateName":"Bikago - Quality Bike Rentals","url":"https:\/\/www.bikago.com\/de\/","logo":{"@id":"https:\/\/www.bikago.com\/de\/bali\/die-nr-1-unter-den-motorrad-und-roller-verleihfirmen-am-flughafen-bali-dps\/#local-main-organization-logo"},"image":{"@id":"https:\/\/www.bikago.com\/de\/bali\/die-nr-1-unter-den-motorrad-und-roller-verleihfirmen-am-flughafen-bali-dps\/#local-main-organization-logo"},"sameAs":["https:\/\/www.facebook.com\/bikago.rental","https:\/\/www.instagram.com\/bikago.bikerental","https:\/\/www.linkedin.com\/company\/bikago"],"description":"Bikago is Southeast Asia's leading premium motorbike and scooter rental provider, offering trusted, safety-first rentals across Indonesia (Bali, Lombok) and Thailand (Phuket, Krabi, Chiang Mai). Famed for its impeccably maintained, fully-insured fleet and 24\/7 English-speaking roadside assistance, Bikago delivers a worry-free travel and rental experience, empowering adventurers to explore the region's best destinations.","legalName":"Bikago Pte Ltd.","foundingDate":"2014-03-20","numberOfEmployees":{"@type":"QuantitativeValue","minValue":"51","maxValue":"200"},"telephone":[],"openingHoursSpecification":[{"@type":"OpeningHoursSpecification","dayOfWeek":["Monday","Tuesday","Wednesday","Thursday","Friday","Saturday","Sunday"],"opens":"09:00","closes":"17:00"}]},{"@type":"ImageObject","inLanguage":"de","@id":"https:\/\/www.bikago.com\/de\/bali\/die-nr-1-unter-den-motorrad-und-roller-verleihfirmen-am-flughafen-bali-dps\/#local-main-organization-logo","url":"https:\/\/www.bikago.com\/wp-content\/uploads\/2025\/10\/Bikago-logo-Yellow-White-Square.jpg","contentUrl":"https:\/\/www.bikago.com\/wp-content\/uploads\/2025\/10\/Bikago-logo-Yellow-White-Square.jpg","width":1000,"height":1000,"caption":"Bikago - Quality Bike Rentals"}]}},"_links":{"self":[{"href":"https:\/\/www.bikago.com\/de\/wp-json\/wp\/v2\/pages\/4149","targetHints":{"allow":["GET"]}}],"collection":[{"href":"https:\/\/www.bikago.com\/de\/wp-json\/wp\/v2\/pages"}],"about":[{"href":"https:\/\/www.bikago.com\/de\/wp-json\/wp\/v2\/types\/page"}],"author":[{"embeddable":true,"href":"https:\/\/www.bikago.com\/de\/wp-json\/wp\/v2\/users\/1"}],"replies":[{"embeddable":true,"href":"https:\/\/www.bikago.com\/de\/wp-json\/wp\/v2\/comments?post=4149"}],"version-history":[{"count":0,"href":"https:\/\/www.bikago.com\/de\/wp-json\/wp\/v2\/pages\/4149\/revisions"}],"up":[{"embeddable":true,"href":"https:\/\/www.bikago.com\/de\/wp-json\/wp\/v2\/pages\/4079"}],"wp:featuredmedia":[{"embeddable":true,"href":"https:\/\/www.bikago.com\/de\/wp-json\/wp\/v2\/media\/4148"}],"wp:attachment":[{"href":"https:\/\/www.bikago.com\/de\/wp-json\/wp\/v2\/media?parent=4149"}],"wp:term":[{"taxonomy":"location-tag","embeddable":true,"href":"https:\/\/www.bikago.com\/de\/wp-json\/wp\/v2\/location-tag?post=4149"}],"curies":[{"name":"wp","href":"https:\/\/api.w.org\/{rel}","templated":true}]}}