{"id":4140,"date":"2024-11-12T07:21:38","date_gmt":"2024-11-12T07:21:38","guid":{"rendered":"https:\/\/www.bikago.com\/bali-vermietung\/jimbaran-roller-und-motorradverleih\/"},"modified":"2024-11-12T07:21:38","modified_gmt":"2024-11-12T07:21:38","slug":"jimbaran-roller-und-motorradverleih","status":"publish","type":"page","link":"https:\/\/www.bikago.com\/de\/bali\/jimbaran-roller-und-motorradverleih\/","title":{"rendered":"Jimbaran Roller- und Motorradverleih"},"content":{"rendered":"<h2>Jimbaran Roller- und Motorradverleih \u2013 Lieferung direkt zu Ihnen nach Hause<\/h2>\n<p>Suchen Sie einen Roller- und Motorradverleih in Jimbaran? Willkommen bei Bikago, dem f\u00fchrenden Roller- und Motorradverleih auf Bali. <\/p>\n<p>Wir bieten eine Lieferung in Jimbaran f\u00fcr eine Reihe von verschiedenen Typen von Motorrollern und Mietmotorr\u00e4dern an. <a href=\"https:\/\/www.bikago.com\/de\/\">Buchen Sie einfach online<\/a> und wir liefern Ihnen ein Motorrad oder einen Roller direkt nach Hause. <\/p>\n<h3>Sie sind sich nicht sicher, welches Fahrrad Sie mieten sollen?<\/h3>\n<p>F\u00fcr das t\u00e4gliche Pendeln empfehlen wir den <a href=\"https:\/\/www.bikago.com\/our-fleet\/bali\/\">Honda Vario<\/a>. Dieser Automatik-Roller verf\u00fcgt \u00fcber einen robusten 160cc-Motor und ist dennoch kompakt und benutzerfreundlich. Eine weitere attraktive Option ist die <a href=\"https:\/\/www.bikago.com\/our-fleet\/bali\/\">Honda Scoopy<\/a> (110cc), ein kleineres Motorrad mit einem attraktiven Design. Wenn Sie mehr Leistung w\u00fcnschen, sollten Sie die Yamaha XSR und die Honda CRF in Betracht ziehen, die beide mit 150ccm-Motoren ausgestattet sind. Vor allem die Honda CRF ist ein vielseitiges Gel\u00e4ndemotorrad, das wir denjenigen empfehlen, die die abenteuerlichen Pfade und unbefestigten Wege Balis erkunden m\u00f6chten.    <\/p>\n<p>Sind Sie bereit f\u00fcr eine au\u00dfergew\u00f6hnliche Reise durch die atemberaubenden Landschaften Balis, mit Jimbaran als Ausgangspunkt?<\/p>\n<p>&nbsp;<\/p>\n<h2>Warum Bikago?<\/h2>\n<p>&nbsp;<\/p>\n<h3>Sicherheit als unsere oberste Priorit\u00e4t<\/h3>\n<p>Bikago stellt Ihre Sicherheit an erste Stelle \u2013 mit unserer umfassenden Fahrradversicherung und einer nachgewiesenen Erfolgsbilanz von \u00fcber 60.000 Kunden. Wir haben uns unseren Status als erste Wahl f\u00fcr Motorradvermietungen in der bezaubernden Region Jimbaran verdient. <\/p>\n<h3>Tausende bewerten uns mit 4,5\/5<\/h3>\n<p>Schlie\u00dfen Sie sich den Tausenden an, die uns f\u00fcr ihre Jimbaran-Abenteuer eine hervorragende Bewertung von 4,5\/5 gegeben haben. Ihre Zufriedenheit ist der Antrieb f\u00fcr unser unerm\u00fcdliches Engagement, Ihnen einen exzellenten Service zu bieten. <\/p>\n<p>&nbsp;<\/p>\n<h2>Bikago Scooter Rental Bewertungen<\/h2>\n<p><script src=\"https:\/\/static.elfsight.com\/platform\/platform.js\" async=\"\"><\/script><\/p>\n<div class=\"elfsight-app-20c96eca-d5c7-42dd-be74-4c299bfa619d\" data-elfsight-app-lazy=\"\"><\/div>\n<p>&nbsp;<\/p>\n<h3>TripAdvisor-Auszeichnung f\u00fcr Exzellenz seit 2014<\/h3>\n<p>Wir sind sehr stolz auf unsere zahlreichen Auszeichnungen, darunter das <a href=\"https:\/\/www.tripadvisor.com\/Attraction_Review-g297694-d8028116-Reviews-Bikago-Denpasar_Bali.html\" target=\"_blank\" rel=\"noopener\">Zertifikat f\u00fcr Exzellenz von TripAdvisor<\/a>, das uns seit 2014 regelm\u00e4\u00dfig verliehen wird. Unsere Scootervermietung in Jimbaran wird von unseren gesch\u00e4tzten Kunden immer wieder gelobt. <\/p>\n<h3>Premium-Fahrradauswahl<\/h3>\n<p>Bikago bietet exklusiv erstklassige Fahrr\u00e4der zur Miete in Jimbaran an. Unsere Flotte ist firmeneigen, wird sorgf\u00e4ltig gewartet und befindet sich stets in einwandfreiem Zustand. So k\u00f6nnen Sie sicher sein, dass ein bei Bikago in Jimbaran gemietetes Fahrrad zuverl\u00e4ssig und sicher ist und Sie damit Ihre Unternehmungen in Jimbaran genie\u00dfen k\u00f6nnen. Und wenn Sie auf der Suche nach einer Vespa-Vermietung in Jimbaran sind, sind Sie bei Bikago genau richtig.   <\/p>\n<h3>24\/7-Support und Pannenhilfe<\/h3>\n<p>Sie sind nie allein, wenn Sie durch die faszinierende Landschaft von Jimbaran fahren. Unser englischsprachiger 24\/7-Kundensupport und unsere schnelle Pannenhilfe sind nur einen Anruf entfernt und stehen Ihnen jederzeit zur Verf\u00fcgung, egal ob Sie eine Reifenpanne haben, kein Benzin mehr haben oder in eine andere unerwartete Situation geraten sind. <\/p>\n<h3>Online-Buchung<\/h3>\n<p>Die Buchung Ihres Abenteuers mit Bikago ist ganz einfach \u2013 Sie ben\u00f6tigen weder Bargeld noch eine Kaution oder Ihren Reisepass. Bikago bietet ein benutzerfreundliches Online-Buchungssystem. W\u00e4hlen Sie einfach Ihr Wunschfahrrad, legen Sie Datum und Uhrzeit fest und schlie\u00dfen Sie die Zahlung sicher \u00fcber unsere Website ab. Wenn Sie Hilfe ben\u00f6tigen, wenden Sie sich bitte an unseren Kundenservice. Wir helfen Ihnen gerne weiter!   <\/p>\n<h3>Umfassende Versicherung f\u00fcr Roller- und Fahrradverleih<\/h3>\n<p>Wenn Sie sich f\u00fcr Bikago als Ihren Scooter-Verleih in Jimbaran entscheiden, k\u00f6nnen Sie eine umfassende Motorradversicherung abschlie\u00dfen. Diese deckt sowohl Sch\u00e4den am Motorrad als auch Diebstahl ab und sorgt daf\u00fcr, dass Sie im Falle eines Unfalls vor m\u00f6glichen Sch\u00e4den am Motorrad gesch\u00fctzt sind. Die Selbstbeteiligung betr\u00e4gt nur 95,00 USD, und alle Kosten, die diesen Betrag \u00fcbersteigen, werden von der Versicherung \u00fcbernommen.  <\/p>\n<h3>Wettbewerbsf\u00e4hige Mietpreise<\/h3>\n<p>Entdecken Sie unsere g\u00fcnstigen Preise f\u00fcr die Anmietung eines Fahrrads oder Rollers in Jimbaran. Holen Sie sich noch heute ein sofortiges Online-Angebot f\u00fcr Ihren bevorstehenden Ausflug nach Jimbaran! <\/p>\n<p>&nbsp;<\/p>\n<h2>Entdecken Sie Bali mit dem Roller oder Motorrad.<\/h2>\n<p>Es ist ein gut geh\u00fctetes Geheimnis, dass S\u00fcdostasien seine wahre Sch\u00f6nheit offenbart, wenn man es auf zwei R\u00e4dern erkundet \ud83e\udd2b.<\/p>\n<p>Bali ist ein fantastisches Urlaubsziel. Die indonesische Insel hat viel zu bieten. Sie ist bekannt f\u00fcr ihre Reisfelder und alten Tempel, die man bequem mit einem gemieteten Motorrad oder Roller erkunden kann. Bali bietet Ihnen ein gro\u00dfartiges Klima, tolle Unterk\u00fcnfte, wundersch\u00f6ne Str\u00e4nde, Korallenriffe und vieles mehr. Surfen ist sehr beliebt. Haben wir schon die Gastronomieszene erw\u00e4hnt? Bali hat zahlreiche Auszeichnungen als kulinarisches und weltbekanntes Urlaubsziel erhalten.      <\/p>\n<p>Entdecken Sie Bali ganz nach Ihrem Geschmack. Kosteng\u00fcnstige Alternative zu Taxis. Tauchen Sie ein in die reiche Kultur Balis. Entdecken Sie verborgene Sch\u00e4tze. Bequeme Parkm\u00f6glichkeiten und m\u00fchelose Zwischenstopps. Erleben Sie Bali wie ein Einheimischer. Erreichen Sie abgelegene malerische Routen und atemberaubende Landschaften. Sp\u00fcren Sie den Wind in Ihren Haaren, w\u00e4hrend Sie Balis vielf\u00e4ltiges Terrain durchqueren. Nutzen Sie einzigartige Fotomotive. Schaffen Sie unvergessliche Erinnerungen.         <\/p>\n<p>Wenn man auf Sicherheit achtet und zuverl\u00e4ssige Fahrzeuge mietet, ist das Mieten eines Motorrads oder Rollers auf Bali eine unterhaltsame und effiziente M\u00f6glichkeit, die Insel zu erkunden, ohne dabei das Budget zu sprengen!<\/p>\n<p>&nbsp;<\/p>\n<h2>Jimbaran Roller- und Motorradverleih leicht gemacht.<\/h2>\n<p>Haben Sie Fragen? Schauen Sie in unsere <a href=\"https:\/\/help.bikago.com\/en\">Wissensdatenbank<\/a>. Wenden Sie sich noch heute an unser 24\/7 englischsprachiges Support-Team.  <\/p>\n<p>Sie sind in Jimbaran und ben\u00f6tigen ein Fortbewegungsmittel? Dann sind die Roller- und Motorradverleihe von Bikago in Jimbaran genau das Richtige f\u00fcr Sie!  <a href=\"https:\/\/www.bikago.com\/de\/\">Buchen Sie noch heute online!  <\/a><\/p>\n<h3>Sie finden uns auch unter:<\/h3>\n<ul class=\"sub-menu\">\n<li id=\"menu-item-819\" class=\"menu-item menu-item-type-post_type menu-item-object-location menu-item-819\"><a href=\"https:\/\/www.bikago.com\/bali\/canggu-scooter-motorbike-rental\/\">Canggu<\/a><\/li>\n<li id=\"menu-item-820\" class=\"menu-item menu-item-type-post_type menu-item-object-location menu-item-820\"><a href=\"https:\/\/www.bikago.com\/bali\/jimbaran-scooter-rental\/\">Jimbaran<\/a><\/li>\n<li id=\"menu-item-1143\" class=\"menu-item menu-item-type-post_type menu-item-object-location menu-item-1143\"><a href=\"https:\/\/www.bikago.com\/bali\/lovina-scooter-rental\/\">Lovina<\/a><\/li>\n<li id=\"menu-item-822\" class=\"menu-item menu-item-type-post_type menu-item-object-location menu-item-822\"><a href=\"\/bali\/airport\/\">Flughafen Ngurah Rai Bali<\/a><\/li>\n<li id=\"menu-item-1171\" class=\"menu-item menu-item-type-post_type menu-item-object-location menu-item-1171\"><a href=\"https:\/\/www.bikago.com\/bali\/padangbai-pickup-drop-off-point\/\">Padangbai<\/a><\/li>\n<li id=\"menu-item-818\" class=\"menu-item menu-item-type-post_type menu-item-object-location menu-item-818\"><a href=\"https:\/\/www.bikago.com\/bali\/sanur-scooter-rental\/\">Sanur<\/a><\/li>\n<li id=\"menu-item-821\" class=\"menu-item menu-item-type-post_type menu-item-object-location menu-item-821\"><a href=\"https:\/\/www.bikago.com\/bali\/scooter-motorbike-rental-seminyak\/\">Seminyak<\/a><\/li>\n<li id=\"menu-item-1012\" class=\"menu-item menu-item-type-post_type menu-item-object-location menu-item-1012\"><a href=\"\/bali\/ubud\/\">Ubud<\/a><\/li>\n<li id=\"menu-item-273031\" class=\"menu-item menu-item-type-post_type menu-item-object-location menu-item-273031\"><a href=\"https:\/\/www.bikago.com\/bali\/uluwatu-scooter-bike-rental\/\">Uluwatu<\/a><\/li>\n<\/ul>\n","protected":false},"excerpt":{"rendered":"<p>Jimbaran Roller- und Motorradverleih \u2013 Lieferung direkt zu Ihnen nach Hause Suchen Sie einen Roller- und Motorradverleih in Jimbaran? Willkommen bei Bikago, dem f\u00fchrenden Roller- und Motorradverleih auf Bali. Wir bieten eine Lieferung in Jimbaran f\u00fcr eine Reihe von verschiedenen Typen von Motorrollern und Mietmotorr\u00e4dern an. Buchen Sie einfach online und wir liefern Ihnen ein [&hellip;]<\/p>\n","protected":false},"author":1,"featured_media":4139,"parent":4079,"menu_order":0,"comment_status":"closed","ping_status":"closed","template":"","meta":{"_acf_changed":false,"footnotes":""},"location-tag":[30],"class_list":["post-4140","page","type-page","status-publish","has-post-thumbnail","hentry","location-tag-bali"],"acf":[],"yoast_head":"<!-- This site is optimized with the Yoast SEO Premium plugin v27.4 (Yoast SEO v27.4) - https:\/\/yoast.com\/product\/yoast-seo-premium-wordpress\/ -->\n<title>Jimbaran Roller-Verleih<\/title>\n<meta name=\"description\" content=\"Scooter- und Motorradverleih in Jimbaran mit Bikago. Perfekt, um die Str\u00e4nde von Jimbaran zu erkunden. Buchen Sie jetzt f\u00fcr einen sicheren und stressfreien Verleih in Jimbaran, Bali!\" \/>\n<meta name=\"robots\" content=\"index, follow, max-snippet:-1, max-image-preview:large, max-video-preview:-1\" \/>\n<link rel=\"canonical\" href=\"https:\/\/www.bikago.com\/de\/wp-json\/wp\/v2\/pages\/4140\/\" \/>\n<meta property=\"og:locale\" content=\"de_DE\" \/>\n<meta property=\"og:type\" content=\"article\" \/>\n<meta property=\"og:title\" content=\"Jimbaran Roller- und Motorradverleih\" \/>\n<meta property=\"og:description\" content=\"Scooter- und Motorradverleih in Jimbaran mit Bikago. Perfekt, um die Str\u00e4nde von Jimbaran zu erkunden. Buchen Sie jetzt f\u00fcr einen sicheren und stressfreien Verleih in Jimbaran, Bali!\" \/>\n<meta property=\"og:url\" content=\"https:\/\/www.bikago.com\/de\/bali\/jimbaran-roller-und-motorradverleih\/\" \/>\n<meta property=\"og:site_name\" content=\"Bikago\" \/>\n<meta property=\"article:publisher\" content=\"https:\/\/www.facebook.com\/bikago.rental\" \/>\n<meta property=\"og:image\" content=\"https:\/\/www.bikago.com\/wp-content\/uploads\/2025\/05\/beach-1.webp\" \/>\n\t<meta property=\"og:image:width\" content=\"264\" \/>\n\t<meta property=\"og:image:height\" content=\"396\" \/>\n\t<meta property=\"og:image:type\" content=\"image\/webp\" \/>\n<meta name=\"twitter:card\" content=\"summary_large_image\" \/>\n<meta name=\"twitter:label1\" content=\"Gesch\u00e4tzte Lesezeit\" \/>\n\t<meta name=\"twitter:data1\" content=\"4\u00a0Minuten\" \/>\n<script type=\"application\/ld+json\" class=\"yoast-schema-graph\">{\"@context\":\"https:\\\/\\\/schema.org\",\"@graph\":[{\"@type\":\"WebPage\",\"@id\":\"https:\\\/\\\/www.bikago.com\\\/de\\\/bali\\\/jimbaran-roller-und-motorradverleih\\\/\",\"url\":\"https:\\\/\\\/www.bikago.com\\\/de\\\/bali\\\/jimbaran-roller-und-motorradverleih\\\/\",\"name\":\"Jimbaran Roller-Verleih\",\"isPartOf\":{\"@id\":\"https:\\\/\\\/www.bikago.com\\\/de\\\/#website\"},\"primaryImageOfPage\":{\"@id\":\"https:\\\/\\\/www.bikago.com\\\/de\\\/bali\\\/jimbaran-roller-und-motorradverleih\\\/#primaryimage\"},\"image\":{\"@id\":\"https:\\\/\\\/www.bikago.com\\\/de\\\/bali\\\/jimbaran-roller-und-motorradverleih\\\/#primaryimage\"},\"thumbnailUrl\":\"https:\\\/\\\/www.bikago.com\\\/wp-content\\\/uploads\\\/2025\\\/05\\\/beach-1.webp\",\"datePublished\":\"2024-11-12T07:21:38+00:00\",\"description\":\"Scooter- und Motorradverleih in Jimbaran mit Bikago. Perfekt, um die Str\u00e4nde von Jimbaran zu erkunden. Buchen Sie jetzt f\u00fcr einen sicheren und stressfreien Verleih in Jimbaran, Bali!\",\"breadcrumb\":{\"@id\":\"https:\\\/\\\/www.bikago.com\\\/de\\\/bali\\\/jimbaran-roller-und-motorradverleih\\\/#breadcrumb\"},\"inLanguage\":\"de\",\"potentialAction\":[{\"@type\":\"ReadAction\",\"target\":[\"https:\\\/\\\/www.bikago.com\\\/de\\\/bali\\\/jimbaran-roller-und-motorradverleih\\\/\"]}]},{\"@type\":\"ImageObject\",\"inLanguage\":\"de\",\"@id\":\"https:\\\/\\\/www.bikago.com\\\/de\\\/bali\\\/jimbaran-roller-und-motorradverleih\\\/#primaryimage\",\"url\":\"https:\\\/\\\/www.bikago.com\\\/wp-content\\\/uploads\\\/2025\\\/05\\\/beach-1.webp\",\"contentUrl\":\"https:\\\/\\\/www.bikago.com\\\/wp-content\\\/uploads\\\/2025\\\/05\\\/beach-1.webp\",\"width\":264,\"height\":396,\"caption\":\"Strand 1\"},{\"@type\":\"BreadcrumbList\",\"@id\":\"https:\\\/\\\/www.bikago.com\\\/de\\\/bali\\\/jimbaran-roller-und-motorradverleih\\\/#breadcrumb\",\"itemListElement\":[{\"@type\":\"ListItem\",\"position\":1,\"name\":\"Home\",\"item\":\"https:\\\/\\\/www.bikago.com\\\/de\\\/roller-verleih-in-bali-lombok-phuket-krabi-und-chiang-mai\\\/\"},{\"@type\":\"ListItem\",\"position\":2,\"name\":\"Bali Vermietung\",\"item\":\"https:\\\/\\\/www.bikago.com\\\/de\\\/bali\\\/\"},{\"@type\":\"ListItem\",\"position\":3,\"name\":\"Jimbaran Roller- und Motorradverleih\"}]},{\"@type\":\"WebSite\",\"@id\":\"https:\\\/\\\/www.bikago.com\\\/de\\\/#website\",\"url\":\"https:\\\/\\\/www.bikago.com\\\/de\\\/\",\"name\":\"Bikago\",\"description\":\"\",\"publisher\":{\"@id\":\"https:\\\/\\\/www.bikago.com\\\/de\\\/#organization\"},\"potentialAction\":[{\"@type\":\"SearchAction\",\"target\":{\"@type\":\"EntryPoint\",\"urlTemplate\":\"https:\\\/\\\/www.bikago.com\\\/de\\\/?s={search_term_string}\"},\"query-input\":{\"@type\":\"PropertyValueSpecification\",\"valueRequired\":true,\"valueName\":\"search_term_string\"}}],\"inLanguage\":\"de\"},{\"@type\":[\"Organization\",\"Place\"],\"@id\":\"https:\\\/\\\/www.bikago.com\\\/de\\\/#organization\",\"name\":\"Bikago - Quality Bike Rentals\",\"alternateName\":\"Bikago - Quality Bike Rentals\",\"url\":\"https:\\\/\\\/www.bikago.com\\\/de\\\/\",\"logo\":{\"@id\":\"https:\\\/\\\/www.bikago.com\\\/de\\\/bali\\\/jimbaran-roller-und-motorradverleih\\\/#local-main-organization-logo\"},\"image\":{\"@id\":\"https:\\\/\\\/www.bikago.com\\\/de\\\/bali\\\/jimbaran-roller-und-motorradverleih\\\/#local-main-organization-logo\"},\"sameAs\":[\"https:\\\/\\\/www.facebook.com\\\/bikago.rental\",\"https:\\\/\\\/www.instagram.com\\\/bikago.bikerental\",\"https:\\\/\\\/www.linkedin.com\\\/company\\\/bikago\"],\"description\":\"Bikago is Southeast Asia's leading premium motorbike and scooter rental provider, offering trusted, safety-first rentals across Indonesia (Bali, Lombok) and Thailand (Phuket, Krabi, Chiang Mai). Famed for its impeccably maintained, fully-insured fleet and 24\\\/7 English-speaking roadside assistance, Bikago delivers a worry-free travel and rental experience, empowering adventurers to explore the region's best destinations.\",\"legalName\":\"Bikago Pte Ltd.\",\"foundingDate\":\"2014-03-20\",\"numberOfEmployees\":{\"@type\":\"QuantitativeValue\",\"minValue\":\"51\",\"maxValue\":\"200\"},\"telephone\":[],\"openingHoursSpecification\":[{\"@type\":\"OpeningHoursSpecification\",\"dayOfWeek\":[\"Monday\",\"Tuesday\",\"Wednesday\",\"Thursday\",\"Friday\",\"Saturday\",\"Sunday\"],\"opens\":\"09:00\",\"closes\":\"17:00\"}]},{\"@type\":\"ImageObject\",\"inLanguage\":\"de\",\"@id\":\"https:\\\/\\\/www.bikago.com\\\/de\\\/bali\\\/jimbaran-roller-und-motorradverleih\\\/#local-main-organization-logo\",\"url\":\"https:\\\/\\\/www.bikago.com\\\/wp-content\\\/uploads\\\/2025\\\/10\\\/Bikago-logo-Yellow-White-Square.jpg\",\"contentUrl\":\"https:\\\/\\\/www.bikago.com\\\/wp-content\\\/uploads\\\/2025\\\/10\\\/Bikago-logo-Yellow-White-Square.jpg\",\"width\":1000,\"height\":1000,\"caption\":\"Bikago - Quality Bike Rentals\"}]}<\/script>\n<!-- \/ Yoast SEO Premium plugin. -->","yoast_head_json":{"title":"Jimbaran Roller-Verleih","description":"Scooter- und Motorradverleih in Jimbaran mit Bikago. Perfekt, um die Str\u00e4nde von Jimbaran zu erkunden. Buchen Sie jetzt f\u00fcr einen sicheren und stressfreien Verleih in Jimbaran, Bali!","robots":{"index":"index","follow":"follow","max-snippet":"max-snippet:-1","max-image-preview":"max-image-preview:large","max-video-preview":"max-video-preview:-1"},"canonical":"https:\/\/www.bikago.com\/de\/wp-json\/wp\/v2\/pages\/4140\/","og_locale":"de_DE","og_type":"article","og_title":"Jimbaran Roller- und Motorradverleih","og_description":"Scooter- und Motorradverleih in Jimbaran mit Bikago. Perfekt, um die Str\u00e4nde von Jimbaran zu erkunden. Buchen Sie jetzt f\u00fcr einen sicheren und stressfreien Verleih in Jimbaran, Bali!","og_url":"https:\/\/www.bikago.com\/de\/bali\/jimbaran-roller-und-motorradverleih\/","og_site_name":"Bikago","article_publisher":"https:\/\/www.facebook.com\/bikago.rental","og_image":[{"width":264,"height":396,"url":"https:\/\/www.bikago.com\/wp-content\/uploads\/2025\/05\/beach-1.webp","type":"image\/webp"}],"twitter_card":"summary_large_image","twitter_misc":{"Gesch\u00e4tzte Lesezeit":"4\u00a0Minuten"},"schema":{"@context":"https:\/\/schema.org","@graph":[{"@type":"WebPage","@id":"https:\/\/www.bikago.com\/de\/bali\/jimbaran-roller-und-motorradverleih\/","url":"https:\/\/www.bikago.com\/de\/bali\/jimbaran-roller-und-motorradverleih\/","name":"Jimbaran Roller-Verleih","isPartOf":{"@id":"https:\/\/www.bikago.com\/de\/#website"},"primaryImageOfPage":{"@id":"https:\/\/www.bikago.com\/de\/bali\/jimbaran-roller-und-motorradverleih\/#primaryimage"},"image":{"@id":"https:\/\/www.bikago.com\/de\/bali\/jimbaran-roller-und-motorradverleih\/#primaryimage"},"thumbnailUrl":"https:\/\/www.bikago.com\/wp-content\/uploads\/2025\/05\/beach-1.webp","datePublished":"2024-11-12T07:21:38+00:00","description":"Scooter- und Motorradverleih in Jimbaran mit Bikago. Perfekt, um die Str\u00e4nde von Jimbaran zu erkunden. Buchen Sie jetzt f\u00fcr einen sicheren und stressfreien Verleih in Jimbaran, Bali!","breadcrumb":{"@id":"https:\/\/www.bikago.com\/de\/bali\/jimbaran-roller-und-motorradverleih\/#breadcrumb"},"inLanguage":"de","potentialAction":[{"@type":"ReadAction","target":["https:\/\/www.bikago.com\/de\/bali\/jimbaran-roller-und-motorradverleih\/"]}]},{"@type":"ImageObject","inLanguage":"de","@id":"https:\/\/www.bikago.com\/de\/bali\/jimbaran-roller-und-motorradverleih\/#primaryimage","url":"https:\/\/www.bikago.com\/wp-content\/uploads\/2025\/05\/beach-1.webp","contentUrl":"https:\/\/www.bikago.com\/wp-content\/uploads\/2025\/05\/beach-1.webp","width":264,"height":396,"caption":"Strand 1"},{"@type":"BreadcrumbList","@id":"https:\/\/www.bikago.com\/de\/bali\/jimbaran-roller-und-motorradverleih\/#breadcrumb","itemListElement":[{"@type":"ListItem","position":1,"name":"Home","item":"https:\/\/www.bikago.com\/de\/roller-verleih-in-bali-lombok-phuket-krabi-und-chiang-mai\/"},{"@type":"ListItem","position":2,"name":"Bali Vermietung","item":"https:\/\/www.bikago.com\/de\/bali\/"},{"@type":"ListItem","position":3,"name":"Jimbaran Roller- und Motorradverleih"}]},{"@type":"WebSite","@id":"https:\/\/www.bikago.com\/de\/#website","url":"https:\/\/www.bikago.com\/de\/","name":"Bikago","description":"","publisher":{"@id":"https:\/\/www.bikago.com\/de\/#organization"},"potentialAction":[{"@type":"SearchAction","target":{"@type":"EntryPoint","urlTemplate":"https:\/\/www.bikago.com\/de\/?s={search_term_string}"},"query-input":{"@type":"PropertyValueSpecification","valueRequired":true,"valueName":"search_term_string"}}],"inLanguage":"de"},{"@type":["Organization","Place"],"@id":"https:\/\/www.bikago.com\/de\/#organization","name":"Bikago - Quality Bike Rentals","alternateName":"Bikago - Quality Bike Rentals","url":"https:\/\/www.bikago.com\/de\/","logo":{"@id":"https:\/\/www.bikago.com\/de\/bali\/jimbaran-roller-und-motorradverleih\/#local-main-organization-logo"},"image":{"@id":"https:\/\/www.bikago.com\/de\/bali\/jimbaran-roller-und-motorradverleih\/#local-main-organization-logo"},"sameAs":["https:\/\/www.facebook.com\/bikago.rental","https:\/\/www.instagram.com\/bikago.bikerental","https:\/\/www.linkedin.com\/company\/bikago"],"description":"Bikago is Southeast Asia's leading premium motorbike and scooter rental provider, offering trusted, safety-first rentals across Indonesia (Bali, Lombok) and Thailand (Phuket, Krabi, Chiang Mai). Famed for its impeccably maintained, fully-insured fleet and 24\/7 English-speaking roadside assistance, Bikago delivers a worry-free travel and rental experience, empowering adventurers to explore the region's best destinations.","legalName":"Bikago Pte Ltd.","foundingDate":"2014-03-20","numberOfEmployees":{"@type":"QuantitativeValue","minValue":"51","maxValue":"200"},"telephone":[],"openingHoursSpecification":[{"@type":"OpeningHoursSpecification","dayOfWeek":["Monday","Tuesday","Wednesday","Thursday","Friday","Saturday","Sunday"],"opens":"09:00","closes":"17:00"}]},{"@type":"ImageObject","inLanguage":"de","@id":"https:\/\/www.bikago.com\/de\/bali\/jimbaran-roller-und-motorradverleih\/#local-main-organization-logo","url":"https:\/\/www.bikago.com\/wp-content\/uploads\/2025\/10\/Bikago-logo-Yellow-White-Square.jpg","contentUrl":"https:\/\/www.bikago.com\/wp-content\/uploads\/2025\/10\/Bikago-logo-Yellow-White-Square.jpg","width":1000,"height":1000,"caption":"Bikago - Quality Bike Rentals"}]}},"_links":{"self":[{"href":"https:\/\/www.bikago.com\/de\/wp-json\/wp\/v2\/pages\/4140","targetHints":{"allow":["GET"]}}],"collection":[{"href":"https:\/\/www.bikago.com\/de\/wp-json\/wp\/v2\/pages"}],"about":[{"href":"https:\/\/www.bikago.com\/de\/wp-json\/wp\/v2\/types\/page"}],"author":[{"embeddable":true,"href":"https:\/\/www.bikago.com\/de\/wp-json\/wp\/v2\/users\/1"}],"replies":[{"embeddable":true,"href":"https:\/\/www.bikago.com\/de\/wp-json\/wp\/v2\/comments?post=4140"}],"version-history":[{"count":0,"href":"https:\/\/www.bikago.com\/de\/wp-json\/wp\/v2\/pages\/4140\/revisions"}],"up":[{"embeddable":true,"href":"https:\/\/www.bikago.com\/de\/wp-json\/wp\/v2\/pages\/4079"}],"wp:featuredmedia":[{"embeddable":true,"href":"https:\/\/www.bikago.com\/de\/wp-json\/wp\/v2\/media\/4139"}],"wp:attachment":[{"href":"https:\/\/www.bikago.com\/de\/wp-json\/wp\/v2\/media?parent=4140"}],"wp:term":[{"taxonomy":"location-tag","embeddable":true,"href":"https:\/\/www.bikago.com\/de\/wp-json\/wp\/v2\/location-tag?post=4140"}],"curies":[{"name":"wp","href":"https:\/\/api.w.org\/{rel}","templated":true}]}}