{"id":4137,"date":"2024-11-12T08:02:10","date_gmt":"2024-11-12T08:02:10","guid":{"rendered":"https:\/\/www.bikago.com\/bali-vermietung\/bikago-roller-und-motorradverleih-seminyak\/"},"modified":"2024-11-12T08:02:10","modified_gmt":"2024-11-12T08:02:10","slug":"bikago-roller-und-motorradverleih-seminyak","status":"publish","type":"page","link":"https:\/\/www.bikago.com\/de\/bali\/bikago-roller-und-motorradverleih-seminyak\/","title":{"rendered":"Bikago Roller- und Motorradverleih \u2013 Seminyak"},"content":{"rendered":"<h2>Suchen Sie einen Roller- und Fahrradverleih in Seminyak?<\/h2>\n<p>Suchen Sie nicht weiter. Bikago bietet zuverl\u00e4ssige und sichere Roller- und Fahrradvermietung in Seminyak. <\/p>\n<p>Die Mietmotorr\u00e4der von Bikago fahren sich wie neu. Wir sorgen daf\u00fcr, dass Sie ein gro\u00dfartiges Motorrad-Mieterlebnis auf Bali haben: Unser Kundenservice ist rund um die Uhr verf\u00fcgbar, und jedes Motorrad wird \u00fcberall auf Bali kostenlos geliefert und abgeholt. Wir haben Erste-Hilfe-Sets an Bord sowie eine montierte Handyhalterung. Haben wir das schon erw\u00e4hnt? Unsere Motorradversicherung ist umfassend.    <\/p>\n<p>Auf Bali bieten wir verschiedene Arten von Rollern und Motorr\u00e4dern zum Verleih an. F\u00fcr regelm\u00e4\u00dfige Fahrten empfehlen wir den Honda Vario. Dieser Automatikroller ist dank seines 160-ccm-Motors leistungsstark und dennoch kompakt und leicht zu fahren. Der Honda Scoopy (110 ccm) ist ebenfalls ein sch\u00f6nes Motorrad. Er ist kleiner als der Vario und hat ein charmantes Design. Die gr\u00f6\u00dferen 150-ccm-Motoren finden sich im Yamaha XSR und im Honda CRF. Letzteres ist ein Cross-Motorrad, das wir empfehlen, wenn Sie abenteuerliche Routen und unbefestigte Stra\u00dfen auf Bali befahren m\u00f6chten.      <\/p>\n<p>&nbsp;<\/p>\n<h2>Bikago Scooter Rental Bewertungen<\/h2>\n<p><script src=\"https:\/\/static.elfsight.com\/platform\/platform.js\" async=\"\"><\/script><\/p>\n<div class=\"elfsight-app-20c96eca-d5c7-42dd-be74-4c299bfa619d\" data-elfsight-app-lazy=\"\"><\/div>\n<p>&nbsp;<\/p>\n<h2>Der Bikago-Unterschied<\/h2>\n<p>&nbsp;<\/p>\n<h3>Ihre Sicherheit ist unsere Priorit\u00e4t<\/h3>\n<p>Bei Bikago stehen wir Ihnen mit einer umfassenden Motorradversicherung und einer hervorragenden Erfolgsbilanz von \u00fcber 60.000 zufriedenen Kunden zur Seite. Deshalb sind wir die erste Wahl f\u00fcr Motorradvermietungen im wundersch\u00f6nen Bali. <\/p>\n<h3>Tausende geben uns ein Daumen hoch<\/h3>\n<p>Schlie\u00dfen Sie sich den Tausenden an, die uns f\u00fcr ihre Bali-Abenteuer mit soliden 4,5\/5 bewertet haben. Ihre Zufriedenheit ist unser Antrieb, Ihnen einen au\u00dfergew\u00f6hnlichen Service zu bieten. <\/p>\n<h3>TripAdvisor-Begeisterung seit 2014<\/h3>\n<p>Wir wollen nicht prahlen, aber wir haben seit 2014 immer wieder Auszeichnungen wie das <a href=\"https:\/\/www.tripadvisor.com\/Attraction_Review-g297694-d8028116-Reviews-Bikago-Denpasar_Bali.html\" target=\"_blank\" rel=\"noopener\">Zertifikat f\u00fcr Exzellenz von TripAdvisor<\/a> erhalten. Seitdem haben unsere Rollervermietungen die Herzen erobert: <\/p>\n<h3>Erstklassige Fahrradflotte in Sanur<\/h3>\n<p>Wenn Sie sich f\u00fcr ein Fahrzeug von Bikago auf Bali entscheiden, k\u00f6nnen Sie sicher sein, dass Sie ein hochwertiges, gut gewartetes Motorrad erhalten. Unsere firmeneigene Flotte ist immer in einem erstklassigen Zustand, sodass Sie sich auf ein zuverl\u00e4ssiges und sicheres Mietfahrzeug f\u00fcr Ihre Erkundungstouren auf Bali verlassen k\u00f6nnen. Und wenn Sie Lust auf eine Vespa auf Bali haben, sind Sie bei uns genau richtig.  <\/p>\n<h3>24\/7-Support und Pannenhilfe f\u00fcr Sanur Bike &amp; Scooter Rental<\/h3>\n<p>Mit uns sind Sie unterwegs nie allein. Unser englischsprachiger 24\/7-Kundendienst und unsere schnelle Pannenhilfe sind nur einen Anruf entfernt. Ob Sie eine Reifenpanne haben, kein Benzin mehr haben oder mit einem anderen Problem unterwegs konfrontiert sind \u2013 wir sind f\u00fcr Sie da und bieten Ihnen die Unterst\u00fctzung, die Sie brauchen.  <\/p>\n<h3>M\u00fchelose Online-Buchung f\u00fcr Sanur Scooter &amp; Bike Rental<\/h3>\n<p>Die Buchung bei Bikago ist kinderleicht. Sie brauchen weder Bargeld noch eine Kaution zu hinterlegen und m\u00fcssen sich keine Gedanken um Ihren Reisepass machen. Wir bieten Ihnen einen benutzerfreundlichen Online-Buchungsprozess. W\u00e4hlen Sie einfach Ihr Wunschfahrrad, geben Sie Datum und Uhrzeit ein und bezahlen Sie sicher \u00fcber unsere Website. Und wenn Sie Hilfe ben\u00f6tigen, steht Ihnen unser Kundensupport-Team gerne zur Verf\u00fcgung.    <\/p>\n<h3>Versicherung f\u00fcr Roller- und Fahrradverleih<\/h3>\n<p>Wenn Sie Ihren Roller in Seminyak bei Bikago mieten, k\u00f6nnen Sie eine Motorradversicherung abschlie\u00dfen. Diese deckt sowohl Sch\u00e4den am Motorrad als auch Diebstahl ab. Im Falle eines Unfalls sind Sie also f\u00fcr Sch\u00e4den am Motorrad versichert. Die Selbstbeteiligung betr\u00e4gt nur 95,00 USD, alles dar\u00fcber hinaus wird von der Versicherung \u00fcbernommen.   <\/p>\n<p>&nbsp;<\/p>\n<h2>Scooter &amp; Bali Rental Seminyak \u2013 Warum ist Bali mit dem Motorrad besser?<\/h2>\n<p>Wenn Sie Bali in v\u00f6lliger Freiheit und Komfort erleben m\u00f6chten, hier ein wertvoller Tipp: Mieten Sie sich w\u00e4hrend Ihres Bali-Urlaubs ein Motorrad. Die Stra\u00dfen hier sind eher schmal, und Autos stehen oft im Stau, anstatt z\u00fcgig voranzukommen. \u00d6ffentliche Verkehrsmittel? Die sind \u00fcberf\u00fcllt und unberechenbar. Genau deshalb entscheiden sich die cleveren Leute auf Bali f\u00fcr Motorr\u00e4der und Roller. Glauben Sie mir, das ist hier eine Lebenseinstellung, und die ganze Insel ist darauf ausgerichtet. Stellen Sie sich vor: An jedem Caf\u00e9 oder Restaurant gibt es einen Scooter-Parkservice, und Ihre Unterkunft verf\u00fcgt wahrscheinlich \u00fcber einen gem\u00fctlichen Parkplatz, der nur f\u00fcr Ihr gemietetes Motorrad reserviert ist.      <\/p>\n<p>Hier ist ein Insider-Tipp: W\u00e4hrend der Hochsaison auf Bali sind unsere Motorr\u00e4der hei\u00df begehrt. Wenn Sie also sichergehen m\u00f6chten, dass Sie ein zuverl\u00e4ssiges Fahrzeug zur Verf\u00fcgung haben, sollten Sie Ihr Motorrad im Voraus bei uns reservieren. <\/p>\n<p>Haben Sie brennende Fragen zu unserem Motorradverleih in Bali? Unser Kundenbetreuungsteam steht Ihnen rund um die Uhr zur Verf\u00fcgung und hilft Ihnen per <a href=\"https:\/\/www.bikago.com\/help-center\/\">E-Mail, Chat oder Telefon<\/a>. Erreichen Sie uns jederzeit!  <\/p>\n<p>&nbsp;<\/p>\n<h3>Sie finden uns auch unter:<\/h3>\n<ul class=\"sub-menu\">\n<li id=\"menu-item-819\" class=\"menu-item menu-item-type-post_type menu-item-object-location menu-item-819\"><a href=\"https:\/\/www.bikago.com\/bali\/canggu-scooter-motorbike-rental\/\">Canggu<\/a><\/li>\n<li id=\"menu-item-820\" class=\"menu-item menu-item-type-post_type menu-item-object-location menu-item-820\"><a href=\"https:\/\/www.bikago.com\/bali\/jimbaran-scooter-rental\/\">Jimbaran<\/a><\/li>\n<li id=\"menu-item-1143\" class=\"menu-item menu-item-type-post_type menu-item-object-location menu-item-1143\"><a href=\"https:\/\/www.bikago.com\/bali\/lovina-scooter-rental\/\">Lovina<\/a><\/li>\n<li id=\"menu-item-822\" class=\"menu-item menu-item-type-post_type menu-item-object-location menu-item-822\"><a href=\"\/bali\/airport\/\">Flughafen Ngurah Rai Bali<\/a><\/li>\n<li id=\"menu-item-1171\" class=\"menu-item menu-item-type-post_type menu-item-object-location menu-item-1171\"><a href=\"https:\/\/www.bikago.com\/bali\/padangbai-pickup-drop-off-point\/\">Padangbai<\/a><\/li>\n<li id=\"menu-item-818\" class=\"menu-item menu-item-type-post_type menu-item-object-location menu-item-818\"><a href=\"https:\/\/www.bikago.com\/bali\/sanur-scooter-rental\/\">Sanur<\/a><\/li>\n<li id=\"menu-item-821\" class=\"menu-item menu-item-type-post_type menu-item-object-location menu-item-821\"><a href=\"https:\/\/www.bikago.com\/bali\/scooter-motorbike-rental-seminyak\/\">Seminyak<\/a><\/li>\n<li id=\"menu-item-1012\" class=\"menu-item menu-item-type-post_type menu-item-object-location menu-item-1012\"><a href=\"\/bali\/ubud\/\">Ubud<\/a><\/li>\n<li id=\"menu-item-273031\" class=\"menu-item menu-item-type-post_type menu-item-object-location menu-item-273031\"><a href=\"https:\/\/www.bikago.com\/bali\/uluwatu-scooter-bike-rental\/\">Uluwatu<\/a><\/li>\n<\/ul>\n<p>&nbsp;<\/p>\n","protected":false},"excerpt":{"rendered":"<p>Suchen Sie einen Roller- und Fahrradverleih in Seminyak? Suchen Sie nicht weiter. Bikago bietet zuverl\u00e4ssige und sichere Roller- und Fahrradvermietung in Seminyak. Die Mietmotorr\u00e4der von Bikago fahren sich wie neu. Wir sorgen daf\u00fcr, dass Sie ein gro\u00dfartiges Motorrad-Mieterlebnis auf Bali haben: Unser Kundenservice ist rund um die Uhr verf\u00fcgbar, und jedes Motorrad wird \u00fcberall auf [&hellip;]<\/p>\n","protected":false},"author":1,"featured_media":4136,"parent":4079,"menu_order":0,"comment_status":"closed","ping_status":"closed","template":"","meta":{"_acf_changed":false,"footnotes":""},"location-tag":[30],"class_list":["post-4137","page","type-page","status-publish","has-post-thumbnail","hentry","location-tag-bali"],"acf":[],"yoast_head":"<!-- This site is optimized with the Yoast SEO Premium plugin v27.4 (Yoast SEO v27.4) - https:\/\/yoast.com\/product\/yoast-seo-premium-wordpress\/ -->\n<title>Bikago Roller- und Motorradverleih \u2013 Seminyak<\/title>\n<meta name=\"description\" content=\"Mieten Sie mit Bikago Motorroller und Motorr\u00e4der in Seminyak, Bali. Sichere und bequeme Fahrten, um Str\u00e4nde, Caf\u00e9s und Hotspots zu erkunden. Buchen Sie noch heute Ihre Miete!\" \/>\n<meta name=\"robots\" content=\"index, follow, max-snippet:-1, max-image-preview:large, max-video-preview:-1\" \/>\n<link rel=\"canonical\" href=\"https:\/\/www.bikago.com\/de\/wp-json\/wp\/v2\/pages\/4137\/\" \/>\n<meta property=\"og:locale\" content=\"de_DE\" \/>\n<meta property=\"og:type\" content=\"article\" \/>\n<meta property=\"og:title\" content=\"Bikago Roller- und Motorradverleih \u2013 Seminyak\" \/>\n<meta property=\"og:description\" content=\"Mieten Sie mit Bikago Motorroller und Motorr\u00e4der in Seminyak, Bali. Sichere und bequeme Fahrten, um Str\u00e4nde, Caf\u00e9s und Hotspots zu erkunden. Buchen Sie noch heute Ihre Miete!\" \/>\n<meta property=\"og:url\" content=\"https:\/\/www.bikago.com\/de\/bali\/bikago-roller-und-motorradverleih-seminyak\/\" \/>\n<meta property=\"og:site_name\" content=\"Bikago\" \/>\n<meta property=\"article:publisher\" content=\"https:\/\/www.facebook.com\/bikago.rental\" \/>\n<meta property=\"og:image\" content=\"https:\/\/www.bikago.com\/wp-content\/uploads\/2025\/05\/seminyak.webp\" \/>\n\t<meta property=\"og:image:width\" content=\"264\" \/>\n\t<meta property=\"og:image:height\" content=\"396\" \/>\n\t<meta property=\"og:image:type\" content=\"image\/webp\" \/>\n<meta name=\"twitter:card\" content=\"summary_large_image\" \/>\n<meta name=\"twitter:label1\" content=\"Gesch\u00e4tzte Lesezeit\" \/>\n\t<meta name=\"twitter:data1\" content=\"4\u00a0Minuten\" \/>\n<script type=\"application\/ld+json\" class=\"yoast-schema-graph\">{\"@context\":\"https:\\\/\\\/schema.org\",\"@graph\":[{\"@type\":\"WebPage\",\"@id\":\"https:\\\/\\\/www.bikago.com\\\/de\\\/bali\\\/bikago-roller-und-motorradverleih-seminyak\\\/\",\"url\":\"https:\\\/\\\/www.bikago.com\\\/de\\\/bali\\\/bikago-roller-und-motorradverleih-seminyak\\\/\",\"name\":\"Bikago Roller- und Motorradverleih \u2013 Seminyak\",\"isPartOf\":{\"@id\":\"https:\\\/\\\/www.bikago.com\\\/de\\\/#website\"},\"primaryImageOfPage\":{\"@id\":\"https:\\\/\\\/www.bikago.com\\\/de\\\/bali\\\/bikago-roller-und-motorradverleih-seminyak\\\/#primaryimage\"},\"image\":{\"@id\":\"https:\\\/\\\/www.bikago.com\\\/de\\\/bali\\\/bikago-roller-und-motorradverleih-seminyak\\\/#primaryimage\"},\"thumbnailUrl\":\"https:\\\/\\\/www.bikago.com\\\/wp-content\\\/uploads\\\/2025\\\/05\\\/seminyak.webp\",\"datePublished\":\"2024-11-12T08:02:10+00:00\",\"description\":\"Mieten Sie mit Bikago Motorroller und Motorr\u00e4der in Seminyak, Bali. Sichere und bequeme Fahrten, um Str\u00e4nde, Caf\u00e9s und Hotspots zu erkunden. Buchen Sie noch heute Ihre Miete!\",\"breadcrumb\":{\"@id\":\"https:\\\/\\\/www.bikago.com\\\/de\\\/bali\\\/bikago-roller-und-motorradverleih-seminyak\\\/#breadcrumb\"},\"inLanguage\":\"de\",\"potentialAction\":[{\"@type\":\"ReadAction\",\"target\":[\"https:\\\/\\\/www.bikago.com\\\/de\\\/bali\\\/bikago-roller-und-motorradverleih-seminyak\\\/\"]}]},{\"@type\":\"ImageObject\",\"inLanguage\":\"de\",\"@id\":\"https:\\\/\\\/www.bikago.com\\\/de\\\/bali\\\/bikago-roller-und-motorradverleih-seminyak\\\/#primaryimage\",\"url\":\"https:\\\/\\\/www.bikago.com\\\/wp-content\\\/uploads\\\/2025\\\/05\\\/seminyak.webp\",\"contentUrl\":\"https:\\\/\\\/www.bikago.com\\\/wp-content\\\/uploads\\\/2025\\\/05\\\/seminyak.webp\",\"width\":264,\"height\":396,\"caption\":\"seminyak\"},{\"@type\":\"BreadcrumbList\",\"@id\":\"https:\\\/\\\/www.bikago.com\\\/de\\\/bali\\\/bikago-roller-und-motorradverleih-seminyak\\\/#breadcrumb\",\"itemListElement\":[{\"@type\":\"ListItem\",\"position\":1,\"name\":\"Home\",\"item\":\"https:\\\/\\\/www.bikago.com\\\/de\\\/roller-verleih-in-bali-lombok-phuket-krabi-und-chiang-mai\\\/\"},{\"@type\":\"ListItem\",\"position\":2,\"name\":\"Bali Vermietung\",\"item\":\"https:\\\/\\\/www.bikago.com\\\/de\\\/bali\\\/\"},{\"@type\":\"ListItem\",\"position\":3,\"name\":\"Bikago Roller- und Motorradverleih \u2013 Seminyak\"}]},{\"@type\":\"WebSite\",\"@id\":\"https:\\\/\\\/www.bikago.com\\\/de\\\/#website\",\"url\":\"https:\\\/\\\/www.bikago.com\\\/de\\\/\",\"name\":\"Bikago\",\"description\":\"\",\"publisher\":{\"@id\":\"https:\\\/\\\/www.bikago.com\\\/de\\\/#organization\"},\"potentialAction\":[{\"@type\":\"SearchAction\",\"target\":{\"@type\":\"EntryPoint\",\"urlTemplate\":\"https:\\\/\\\/www.bikago.com\\\/de\\\/?s={search_term_string}\"},\"query-input\":{\"@type\":\"PropertyValueSpecification\",\"valueRequired\":true,\"valueName\":\"search_term_string\"}}],\"inLanguage\":\"de\"},{\"@type\":[\"Organization\",\"Place\"],\"@id\":\"https:\\\/\\\/www.bikago.com\\\/de\\\/#organization\",\"name\":\"Bikago - Quality Bike Rentals\",\"alternateName\":\"Bikago - Quality Bike Rentals\",\"url\":\"https:\\\/\\\/www.bikago.com\\\/de\\\/\",\"logo\":{\"@id\":\"https:\\\/\\\/www.bikago.com\\\/de\\\/bali\\\/bikago-roller-und-motorradverleih-seminyak\\\/#local-main-organization-logo\"},\"image\":{\"@id\":\"https:\\\/\\\/www.bikago.com\\\/de\\\/bali\\\/bikago-roller-und-motorradverleih-seminyak\\\/#local-main-organization-logo\"},\"sameAs\":[\"https:\\\/\\\/www.facebook.com\\\/bikago.rental\",\"https:\\\/\\\/www.instagram.com\\\/bikago.bikerental\",\"https:\\\/\\\/www.linkedin.com\\\/company\\\/bikago\"],\"description\":\"Bikago is Southeast Asia's leading premium motorbike and scooter rental provider, offering trusted, safety-first rentals across Indonesia (Bali, Lombok) and Thailand (Phuket, Krabi, Chiang Mai). Famed for its impeccably maintained, fully-insured fleet and 24\\\/7 English-speaking roadside assistance, Bikago delivers a worry-free travel and rental experience, empowering adventurers to explore the region's best destinations.\",\"legalName\":\"Bikago Pte Ltd.\",\"foundingDate\":\"2014-03-20\",\"numberOfEmployees\":{\"@type\":\"QuantitativeValue\",\"minValue\":\"51\",\"maxValue\":\"200\"},\"telephone\":[],\"openingHoursSpecification\":[{\"@type\":\"OpeningHoursSpecification\",\"dayOfWeek\":[\"Monday\",\"Tuesday\",\"Wednesday\",\"Thursday\",\"Friday\",\"Saturday\",\"Sunday\"],\"opens\":\"09:00\",\"closes\":\"17:00\"}]},{\"@type\":\"ImageObject\",\"inLanguage\":\"de\",\"@id\":\"https:\\\/\\\/www.bikago.com\\\/de\\\/bali\\\/bikago-roller-und-motorradverleih-seminyak\\\/#local-main-organization-logo\",\"url\":\"https:\\\/\\\/www.bikago.com\\\/wp-content\\\/uploads\\\/2025\\\/10\\\/Bikago-logo-Yellow-White-Square.jpg\",\"contentUrl\":\"https:\\\/\\\/www.bikago.com\\\/wp-content\\\/uploads\\\/2025\\\/10\\\/Bikago-logo-Yellow-White-Square.jpg\",\"width\":1000,\"height\":1000,\"caption\":\"Bikago - Quality Bike Rentals\"}]}<\/script>\n<!-- \/ Yoast SEO Premium plugin. -->","yoast_head_json":{"title":"Bikago Roller- und Motorradverleih \u2013 Seminyak","description":"Mieten Sie mit Bikago Motorroller und Motorr\u00e4der in Seminyak, Bali. Sichere und bequeme Fahrten, um Str\u00e4nde, Caf\u00e9s und Hotspots zu erkunden. Buchen Sie noch heute Ihre Miete!","robots":{"index":"index","follow":"follow","max-snippet":"max-snippet:-1","max-image-preview":"max-image-preview:large","max-video-preview":"max-video-preview:-1"},"canonical":"https:\/\/www.bikago.com\/de\/wp-json\/wp\/v2\/pages\/4137\/","og_locale":"de_DE","og_type":"article","og_title":"Bikago Roller- und Motorradverleih \u2013 Seminyak","og_description":"Mieten Sie mit Bikago Motorroller und Motorr\u00e4der in Seminyak, Bali. Sichere und bequeme Fahrten, um Str\u00e4nde, Caf\u00e9s und Hotspots zu erkunden. Buchen Sie noch heute Ihre Miete!","og_url":"https:\/\/www.bikago.com\/de\/bali\/bikago-roller-und-motorradverleih-seminyak\/","og_site_name":"Bikago","article_publisher":"https:\/\/www.facebook.com\/bikago.rental","og_image":[{"width":264,"height":396,"url":"https:\/\/www.bikago.com\/wp-content\/uploads\/2025\/05\/seminyak.webp","type":"image\/webp"}],"twitter_card":"summary_large_image","twitter_misc":{"Gesch\u00e4tzte Lesezeit":"4\u00a0Minuten"},"schema":{"@context":"https:\/\/schema.org","@graph":[{"@type":"WebPage","@id":"https:\/\/www.bikago.com\/de\/bali\/bikago-roller-und-motorradverleih-seminyak\/","url":"https:\/\/www.bikago.com\/de\/bali\/bikago-roller-und-motorradverleih-seminyak\/","name":"Bikago Roller- und Motorradverleih \u2013 Seminyak","isPartOf":{"@id":"https:\/\/www.bikago.com\/de\/#website"},"primaryImageOfPage":{"@id":"https:\/\/www.bikago.com\/de\/bali\/bikago-roller-und-motorradverleih-seminyak\/#primaryimage"},"image":{"@id":"https:\/\/www.bikago.com\/de\/bali\/bikago-roller-und-motorradverleih-seminyak\/#primaryimage"},"thumbnailUrl":"https:\/\/www.bikago.com\/wp-content\/uploads\/2025\/05\/seminyak.webp","datePublished":"2024-11-12T08:02:10+00:00","description":"Mieten Sie mit Bikago Motorroller und Motorr\u00e4der in Seminyak, Bali. Sichere und bequeme Fahrten, um Str\u00e4nde, Caf\u00e9s und Hotspots zu erkunden. Buchen Sie noch heute Ihre Miete!","breadcrumb":{"@id":"https:\/\/www.bikago.com\/de\/bali\/bikago-roller-und-motorradverleih-seminyak\/#breadcrumb"},"inLanguage":"de","potentialAction":[{"@type":"ReadAction","target":["https:\/\/www.bikago.com\/de\/bali\/bikago-roller-und-motorradverleih-seminyak\/"]}]},{"@type":"ImageObject","inLanguage":"de","@id":"https:\/\/www.bikago.com\/de\/bali\/bikago-roller-und-motorradverleih-seminyak\/#primaryimage","url":"https:\/\/www.bikago.com\/wp-content\/uploads\/2025\/05\/seminyak.webp","contentUrl":"https:\/\/www.bikago.com\/wp-content\/uploads\/2025\/05\/seminyak.webp","width":264,"height":396,"caption":"seminyak"},{"@type":"BreadcrumbList","@id":"https:\/\/www.bikago.com\/de\/bali\/bikago-roller-und-motorradverleih-seminyak\/#breadcrumb","itemListElement":[{"@type":"ListItem","position":1,"name":"Home","item":"https:\/\/www.bikago.com\/de\/roller-verleih-in-bali-lombok-phuket-krabi-und-chiang-mai\/"},{"@type":"ListItem","position":2,"name":"Bali Vermietung","item":"https:\/\/www.bikago.com\/de\/bali\/"},{"@type":"ListItem","position":3,"name":"Bikago Roller- und Motorradverleih \u2013 Seminyak"}]},{"@type":"WebSite","@id":"https:\/\/www.bikago.com\/de\/#website","url":"https:\/\/www.bikago.com\/de\/","name":"Bikago","description":"","publisher":{"@id":"https:\/\/www.bikago.com\/de\/#organization"},"potentialAction":[{"@type":"SearchAction","target":{"@type":"EntryPoint","urlTemplate":"https:\/\/www.bikago.com\/de\/?s={search_term_string}"},"query-input":{"@type":"PropertyValueSpecification","valueRequired":true,"valueName":"search_term_string"}}],"inLanguage":"de"},{"@type":["Organization","Place"],"@id":"https:\/\/www.bikago.com\/de\/#organization","name":"Bikago - Quality Bike Rentals","alternateName":"Bikago - Quality Bike Rentals","url":"https:\/\/www.bikago.com\/de\/","logo":{"@id":"https:\/\/www.bikago.com\/de\/bali\/bikago-roller-und-motorradverleih-seminyak\/#local-main-organization-logo"},"image":{"@id":"https:\/\/www.bikago.com\/de\/bali\/bikago-roller-und-motorradverleih-seminyak\/#local-main-organization-logo"},"sameAs":["https:\/\/www.facebook.com\/bikago.rental","https:\/\/www.instagram.com\/bikago.bikerental","https:\/\/www.linkedin.com\/company\/bikago"],"description":"Bikago is Southeast Asia's leading premium motorbike and scooter rental provider, offering trusted, safety-first rentals across Indonesia (Bali, Lombok) and Thailand (Phuket, Krabi, Chiang Mai). Famed for its impeccably maintained, fully-insured fleet and 24\/7 English-speaking roadside assistance, Bikago delivers a worry-free travel and rental experience, empowering adventurers to explore the region's best destinations.","legalName":"Bikago Pte Ltd.","foundingDate":"2014-03-20","numberOfEmployees":{"@type":"QuantitativeValue","minValue":"51","maxValue":"200"},"telephone":[],"openingHoursSpecification":[{"@type":"OpeningHoursSpecification","dayOfWeek":["Monday","Tuesday","Wednesday","Thursday","Friday","Saturday","Sunday"],"opens":"09:00","closes":"17:00"}]},{"@type":"ImageObject","inLanguage":"de","@id":"https:\/\/www.bikago.com\/de\/bali\/bikago-roller-und-motorradverleih-seminyak\/#local-main-organization-logo","url":"https:\/\/www.bikago.com\/wp-content\/uploads\/2025\/10\/Bikago-logo-Yellow-White-Square.jpg","contentUrl":"https:\/\/www.bikago.com\/wp-content\/uploads\/2025\/10\/Bikago-logo-Yellow-White-Square.jpg","width":1000,"height":1000,"caption":"Bikago - Quality Bike Rentals"}]}},"_links":{"self":[{"href":"https:\/\/www.bikago.com\/de\/wp-json\/wp\/v2\/pages\/4137","targetHints":{"allow":["GET"]}}],"collection":[{"href":"https:\/\/www.bikago.com\/de\/wp-json\/wp\/v2\/pages"}],"about":[{"href":"https:\/\/www.bikago.com\/de\/wp-json\/wp\/v2\/types\/page"}],"author":[{"embeddable":true,"href":"https:\/\/www.bikago.com\/de\/wp-json\/wp\/v2\/users\/1"}],"replies":[{"embeddable":true,"href":"https:\/\/www.bikago.com\/de\/wp-json\/wp\/v2\/comments?post=4137"}],"version-history":[{"count":0,"href":"https:\/\/www.bikago.com\/de\/wp-json\/wp\/v2\/pages\/4137\/revisions"}],"up":[{"embeddable":true,"href":"https:\/\/www.bikago.com\/de\/wp-json\/wp\/v2\/pages\/4079"}],"wp:featuredmedia":[{"embeddable":true,"href":"https:\/\/www.bikago.com\/de\/wp-json\/wp\/v2\/media\/4136"}],"wp:attachment":[{"href":"https:\/\/www.bikago.com\/de\/wp-json\/wp\/v2\/media?parent=4137"}],"wp:term":[{"taxonomy":"location-tag","embeddable":true,"href":"https:\/\/www.bikago.com\/de\/wp-json\/wp\/v2\/location-tag?post=4137"}],"curies":[{"name":"wp","href":"https:\/\/api.w.org\/{rel}","templated":true}]}}