{"id":4134,"date":"2024-11-12T07:51:02","date_gmt":"2024-11-12T07:51:02","guid":{"rendered":"https:\/\/www.bikago.com\/bali-vermietung\/bikago-roller-und-motorradverleih-padangbai\/"},"modified":"2024-11-12T07:51:02","modified_gmt":"2024-11-12T07:51:02","slug":"bikago-roller-und-motorradverleih-padangbai","status":"publish","type":"page","link":"https:\/\/www.bikago.com\/de\/bali\/bikago-roller-und-motorradverleih-padangbai\/","title":{"rendered":"Bikago Roller- und Motorradverleih \u2013 Padangbai"},"content":{"rendered":"<h2>Padangbai Roller- und Fahrradverleih<\/h2>\n<p>Willkommen bei Bikago PadangBai! Unser Scooter- und Motorradverleih befindet sich in g\u00fcnstiger Lage in der N\u00e4he des Hafens und ist somit der perfekte Ausgangspunkt f\u00fcr Reisende, die von Lombok und den Gili-Inseln kommen oder dorthin fahren. <\/p>\n<p>Sie k\u00f6nnen Ihr gemietetes Fahrzeug an unserer Abhol-\/R\u00fcckgabestelle abholen oder zur\u00fcckgeben und es an jedem anderen Ort auf der Insel zur\u00fcckgeben.<\/p>\n<p>Wir bei Bikago wissen, dass bei der Anmietung von Rollern und Motorr\u00e4dern Erschwinglichkeit, Zuverl\u00e4ssigkeit und Komfort oberste Priorit\u00e4t haben. Deshalb bieten wir eine gro\u00dfe Auswahl an Rollern und Motorr\u00e4dern, die sicher, komfortabel und einfach zu bedienen sind. Unsere Mietoptionen sind au\u00dferdem vielseitig und stilvoll und eignen sich perfekt, um die wichtigsten Sehensw\u00fcrdigkeiten in Padang Bai und Umgebung zu erkunden.  <\/p>\n<p>Wenn Sie in Padangbai sind, sollten Sie unbedingt den wundersch\u00f6nen Blue Lagoon Beach, den malerischen Padang Bai Beach, den historischen Tirtagangga Water Palace, den spirituellen Goa Lawah Tempel, den ruhigen Candidasa Beach, den verspielten Ubud Monkey Forest, den atemberaubenden Tanah Lot Tempel, den grandiosen Ujung Water Palace, den majest\u00e4tischen Mount Agung und den heiligen Besakih Tempel besuchen.<\/p>\n<p>Bei Bikago Padangbai sind wir bestrebt, Ihnen ein zuverl\u00e4ssiges und effizientes Mietwagenerlebnis zu bieten. Ganz gleich, ob Sie eine sichere und komfortable Fahrt oder eine effiziente und stilvolle Option suchen, bei uns sind Sie genau richtig. Buchen Sie noch heute Ihren Mietwagen bei uns und entdecken Sie alles, was Padang Bai zu bieten hat!  <\/p>\n<p>&nbsp;<\/p>\n<h2>Bikago Scooter Rental Bewertungen<\/h2>\n<p><script src=\"https:\/\/static.elfsight.com\/platform\/platform.js\" async=\"\"><\/script><\/p>\n<div class=\"elfsight-app-20c96eca-d5c7-42dd-be74-4c299bfa619d\" data-elfsight-app-lazy=\"\"><\/div>\n<p>&nbsp;<\/p>\n<h2>Bikago Padangbai Roller-Verleih Fahren wie neu<\/h2>\n<p>Wir sorgen daf\u00fcr, dass Sie eine gro\u00dfartige Erfahrung mit dem Motorradverleih auf Bali machen: Unser Kundenservice ist 24\/7 erreichbar, jedes Motorrad wird kostenlos \u00fcberall auf Bali zugestellt und abgeholt, sie haben Erste-Hilfe-K\u00e4sten an Bord sowie einen montierten Telefonhalter und unsere Motorradversicherung ist umfassend. Bis zu zwei Helme sind im Preis inbegriffen (nat\u00fcrlich gut sitzend und desinfiziert). Bei Bikago bieten wir viel Zubeh\u00f6r an. So k\u00f6nnen Sie mit unserer <a href=\"https:\/\/bikagomobile.com\/\" target=\"_blank\" rel=\"noopener\">Bikago Mobile<\/a> eSIM oder SIM-Karte 4G-Internet genie\u00dfen oder Ihr Surfbrett mit unserem montierten Surf-Rack mitnehmen.   <\/p>\n<p>&nbsp;<\/p>\n<h2>Gro\u00dfe Auswahl an Fahrr\u00e4dern in unserer Flotte bei Padangbai Scooter Rentals<\/h2>\n<p>Auf Bali bieten wir verschiedene Arten von Rollern und Motorr\u00e4dern zum Verleih an. F\u00fcr regelm\u00e4\u00dfige Fahrten empfehlen wir den Honda Vario. Dieser Automatikroller ist dank seines 160-ccm-Motors leistungsstark und dennoch kompakt und leicht zu fahren. Der Honda Scoopy (110 ccm) ist ebenfalls ein sch\u00f6nes Motorrad. Er ist kleiner als der Vario und hat ein charmantes Design. Die gr\u00f6\u00dferen 150-ccm-Motoren finden sich im Yamaha XSR und im Honda CRF. Letzteres ist ein Cross-Motorrad, das wir empfehlen, wenn Sie abenteuerliche Routen und unbefestigte Stra\u00dfen auf Bali befahren m\u00f6chten.      <\/p>\n<p>&nbsp;<\/p>\n<h2>Der Bikago-Unterschied: Padangbai-Rollervermietung<\/h2>\n<p>Warum Bikago w\u00e4hlen? Hier sind die Gr\u00fcnde! Wir liefern auf der ganzen Insel und sind eine super bequeme Option, wenn Sie Ihren gemieteten Roller in Padangbai abgeben m\u00f6chten, um zu einer anderen Insel zu fahren.  <\/p>\n<h3>Umfangreiche Vielfalt<\/h3>\n<p>Wir pr\u00e4sentieren Ihnen eine gro\u00dfe Auswahl an sorgf\u00e4ltig gepflegten Rollern, die Ihren individuellen Vorlieben und Anforderungen gerecht werden.<\/p>\n<h3>Ihr Wohlbefinden in den Vordergrund stellen<\/h3>\n<p>Ihre Sicherheit ist unser oberstes Anliegen. Unsere Roller werden regelm\u00e4\u00dfig gewartet, und wir stellen Helme und Sicherheitsrichtlinien zur Verf\u00fcgung, um stressfreie Fahrten zu gew\u00e4hrleisten. <\/p>\n<h3>Rund-um-die-Uhr-Betreuung<\/h3>\n<p>Auch wenn es zu Reiseproblemen kommen kann, k\u00f6nnen Sie sich darauf verlassen, dass wir rund um die Uhr f\u00fcr Sie da sind. Unser Kundensupport ist nur einen Anruf entfernt und steht Ihnen jederzeit zur Verf\u00fcgung. <\/p>\n<h3>Versicherung f\u00fcr Roller- und Fahrradverleih<\/h3>\n<p>Wenn Sie sich f\u00fcr einen Roller-Verleih in Seminyak bei Bikago entscheiden, haben Sie die M\u00f6glichkeit, eine Motorradversicherung f\u00fcr Ihre Fahrt abzuschlie\u00dfen. Diese Versicherung deckt sowohl Sch\u00e4den am Motorrad als auch Diebstahl ab. Im Falle eines Unfalls sind Sie also gegen Sch\u00e4den am Motorrad gesch\u00fctzt. Die Selbstbeteiligung betr\u00e4gt nur 95,00 USD, alles dar\u00fcber hinausgehende Kosten werden von der Versicherung \u00fcbernommen.   <\/p>\n<h3>TripAdvisor-Auszeichnungen seit 2014<\/h3>\n<p>Ohne zu prahlen, haben wir seit 2014 kontinuierlich Auszeichnungen wie das <a href=\"https:\/\/www.tripadvisor.com\/Attraction_Review-g297694-d8028116-Reviews-Bikago-Denpasar_Bali.html\" target=\"_blank\" rel=\"noopener\">Zertifikat f\u00fcr Exzellenz von TripAdvisor<\/a> erhalten. Seitdem haben unsere Rollervermietungen immer wieder die Herzen erobert. <\/p>\n<p>&nbsp;<\/p>\n<h2>Bali \u2013 Am besten mit einem gemieteten Motorrad oder Roller zu entdecken<\/h2>\n<p>Bali ist ein fantastisches Urlaubsziel. Die indonesische Insel hat viel zu bieten. Sie ist bekannt f\u00fcr ihre Reisfelder und alten Tempel, die man bequem mit einem gemieteten Motorrad oder Roller erkunden kann. Bali bietet Ihnen ein gro\u00dfartiges Klima, tolle Unterk\u00fcnfte, wundersch\u00f6ne Str\u00e4nde, Korallenriffe und vieles mehr. Surfen ist sehr beliebt. Haben wir schon die Gastronomieszene erw\u00e4hnt? Bali gewinnt zahlreiche Auszeichnungen als kulinarisches und weltbekanntes Urlaubsziel.      <\/p>\n<p>Um Ihren Urlaub in Freiheit und Komfort zu genie\u00dfen, sollten Sie w\u00e4hrend Ihres Urlaubs auf Bali ein Motorrad mieten. Die Stra\u00dfen auf Bali sind schmal und Autos stehen h\u00e4ufiger im Stau als dass sie tats\u00e4chlich fahren. \u00d6ffentliche Verkehrsmittel sind immer \u00fcberf\u00fcllt und unzuverl\u00e4ssig. Deshalb fahren die Menschen auf Bali Motorr\u00e4der und Roller. Sie werden sehen, dass die Insel daran v\u00f6llig gew\u00f6hnt ist. In jedem Caf\u00e9 oder Restaurant k\u00f6nnen Sie Ihren Roller abstellen. Ihre Unterkunft verf\u00fcgt \u00fcber einen Parkplatz f\u00fcr Ihr gemietetes Motorrad.      <\/p>\n<p>W\u00e4hrend der Hochsaison auf Bali sind unsere Motorr\u00e4der oft ausgebucht, daher ist es ratsam, Ihr Motorrad im Voraus bei uns zu mieten.<\/p>\n<p>Haben Sie Fragen zu unserem Motorradverleih auf Bali? Schauen Sie in unsere <a href=\"https:\/\/help.bikago.com\/en\">Wissensdatenbank.<\/a> Unser Customer Care Team steht Ihnen Tag und Nacht per E-Mail, Chat und Telefon zur Verf\u00fcgung. <\/p>\n<p>&nbsp;<\/p>\n<h3>Sie finden uns auch unter:<\/h3>\n<ul class=\"sub-menu\">\n<li id=\"menu-item-819\" class=\"menu-item menu-item-type-post_type menu-item-object-location menu-item-819\"><a href=\"https:\/\/www.bikago.com\/bali\/canggu-scooter-motorbike-rental\/\">Canggu<\/a><\/li>\n<li id=\"menu-item-820\" class=\"menu-item menu-item-type-post_type menu-item-object-location menu-item-820\"><a href=\"https:\/\/www.bikago.com\/bali\/jimbaran-scooter-rental\/\">Jimbaran<\/a><\/li>\n<li id=\"menu-item-1143\" class=\"menu-item menu-item-type-post_type menu-item-object-location menu-item-1143\"><a href=\"https:\/\/www.bikago.com\/bali\/lovina-scooter-rental\/\">Lovina<\/a><\/li>\n<li id=\"menu-item-822\" class=\"menu-item menu-item-type-post_type menu-item-object-location menu-item-822\"><a href=\"\/bali\/airport\/\">Flughafen Ngurah Rai Bali<\/a><\/li>\n<li id=\"menu-item-1171\" class=\"menu-item menu-item-type-post_type menu-item-object-location menu-item-1171\"><a href=\"https:\/\/www.bikago.com\/bali\/padangbai-pickup-drop-off-point\/\">Padangbai<\/a><\/li>\n<li id=\"menu-item-818\" class=\"menu-item menu-item-type-post_type menu-item-object-location menu-item-818\"><a href=\"https:\/\/www.bikago.com\/bali\/sanur-scooter-rental\/\">Sanur<\/a><\/li>\n<li id=\"menu-item-821\" class=\"menu-item menu-item-type-post_type menu-item-object-location menu-item-821\"><a href=\"https:\/\/www.bikago.com\/bali\/scooter-motorbike-rental-seminyak\/\">Seminyak<\/a><\/li>\n<li id=\"menu-item-1012\" class=\"menu-item menu-item-type-post_type menu-item-object-location menu-item-1012\"><a href=\"\/bali\/ubud\/\">Ubud<\/a><\/li>\n<li id=\"menu-item-273031\" class=\"menu-item menu-item-type-post_type menu-item-object-location menu-item-273031\"><a href=\"https:\/\/www.bikago.com\/bali\/uluwatu-scooter-bike-rental\/\">Uluwatu<\/a><\/li>\n<\/ul>\n","protected":false},"excerpt":{"rendered":"<p>Padangbai Roller- und Fahrradverleih Willkommen bei Bikago PadangBai! Unser Scooter- und Motorradverleih befindet sich in g\u00fcnstiger Lage in der N\u00e4he des Hafens und ist somit der perfekte Ausgangspunkt f\u00fcr Reisende, die von Lombok und den Gili-Inseln kommen oder dorthin fahren. Sie k\u00f6nnen Ihr gemietetes Fahrzeug an unserer Abhol-\/R\u00fcckgabestelle abholen oder zur\u00fcckgeben und es an jedem [&hellip;]<\/p>\n","protected":false},"author":1,"featured_media":4133,"parent":4079,"menu_order":0,"comment_status":"closed","ping_status":"closed","template":"","meta":{"_acf_changed":false,"footnotes":""},"location-tag":[30],"class_list":["post-4134","page","type-page","status-publish","has-post-thumbnail","hentry","location-tag-bali"],"acf":[],"yoast_head":"<!-- This site is optimized with the Yoast SEO Premium plugin v27.4 (Yoast SEO v27.4) - https:\/\/yoast.com\/product\/yoast-seo-premium-wordpress\/ -->\n<title>Bikago Roller- und Motorradverleih \u2013 Padangbai<\/title>\n<meta name=\"description\" content=\"Erleben Sie Padangbai auf Bali ganz entspannt! Mieten Sie bei Bikago einen Roller oder ein Motorrad, um sicher zu atemberaubenden Str\u00e4nden, Tauchspots und anderen Zielen zu gelangen. Buchen Sie jetzt!\" \/>\n<meta name=\"robots\" content=\"index, follow, max-snippet:-1, max-image-preview:large, max-video-preview:-1\" \/>\n<link rel=\"canonical\" href=\"https:\/\/www.bikago.com\/de\/wp-json\/wp\/v2\/pages\/4134\/\" \/>\n<meta property=\"og:locale\" content=\"de_DE\" \/>\n<meta property=\"og:type\" content=\"article\" \/>\n<meta property=\"og:title\" content=\"Bikago Roller- und Motorradverleih \u2013 Padangbai\" \/>\n<meta property=\"og:description\" content=\"Erleben Sie Padangbai auf Bali ganz entspannt! Mieten Sie bei Bikago einen Roller oder ein Motorrad, um sicher zu atemberaubenden Str\u00e4nden, Tauchspots und anderen Zielen zu gelangen. Buchen Sie jetzt!\" \/>\n<meta property=\"og:url\" content=\"https:\/\/www.bikago.com\/de\/bali\/bikago-roller-und-motorradverleih-padangbai\/\" \/>\n<meta property=\"og:site_name\" content=\"Bikago\" \/>\n<meta property=\"article:publisher\" content=\"https:\/\/www.facebook.com\/bikago.rental\" \/>\n<meta property=\"og:image\" content=\"https:\/\/www.bikago.com\/wp-content\/uploads\/2025\/05\/padangbai2.webp\" \/>\n\t<meta property=\"og:image:width\" content=\"264\" \/>\n\t<meta property=\"og:image:height\" content=\"396\" \/>\n\t<meta property=\"og:image:type\" content=\"image\/webp\" \/>\n<meta name=\"twitter:card\" content=\"summary_large_image\" \/>\n<meta name=\"twitter:label1\" content=\"Gesch\u00e4tzte Lesezeit\" \/>\n\t<meta name=\"twitter:data1\" content=\"5\u00a0Minuten\" \/>\n<script type=\"application\/ld+json\" class=\"yoast-schema-graph\">{\"@context\":\"https:\\\/\\\/schema.org\",\"@graph\":[{\"@type\":\"WebPage\",\"@id\":\"https:\\\/\\\/www.bikago.com\\\/de\\\/bali\\\/bikago-roller-und-motorradverleih-padangbai\\\/\",\"url\":\"https:\\\/\\\/www.bikago.com\\\/de\\\/bali\\\/bikago-roller-und-motorradverleih-padangbai\\\/\",\"name\":\"Bikago Roller- und Motorradverleih \u2013 Padangbai\",\"isPartOf\":{\"@id\":\"https:\\\/\\\/www.bikago.com\\\/de\\\/#website\"},\"primaryImageOfPage\":{\"@id\":\"https:\\\/\\\/www.bikago.com\\\/de\\\/bali\\\/bikago-roller-und-motorradverleih-padangbai\\\/#primaryimage\"},\"image\":{\"@id\":\"https:\\\/\\\/www.bikago.com\\\/de\\\/bali\\\/bikago-roller-und-motorradverleih-padangbai\\\/#primaryimage\"},\"thumbnailUrl\":\"https:\\\/\\\/www.bikago.com\\\/wp-content\\\/uploads\\\/2025\\\/05\\\/padangbai2.webp\",\"datePublished\":\"2024-11-12T07:51:02+00:00\",\"description\":\"Erleben Sie Padangbai auf Bali ganz entspannt! Mieten Sie bei Bikago einen Roller oder ein Motorrad, um sicher zu atemberaubenden Str\u00e4nden, Tauchspots und anderen Zielen zu gelangen. Buchen Sie jetzt!\",\"breadcrumb\":{\"@id\":\"https:\\\/\\\/www.bikago.com\\\/de\\\/bali\\\/bikago-roller-und-motorradverleih-padangbai\\\/#breadcrumb\"},\"inLanguage\":\"de\",\"potentialAction\":[{\"@type\":\"ReadAction\",\"target\":[\"https:\\\/\\\/www.bikago.com\\\/de\\\/bali\\\/bikago-roller-und-motorradverleih-padangbai\\\/\"]}]},{\"@type\":\"ImageObject\",\"inLanguage\":\"de\",\"@id\":\"https:\\\/\\\/www.bikago.com\\\/de\\\/bali\\\/bikago-roller-und-motorradverleih-padangbai\\\/#primaryimage\",\"url\":\"https:\\\/\\\/www.bikago.com\\\/wp-content\\\/uploads\\\/2025\\\/05\\\/padangbai2.webp\",\"contentUrl\":\"https:\\\/\\\/www.bikago.com\\\/wp-content\\\/uploads\\\/2025\\\/05\\\/padangbai2.webp\",\"width\":264,\"height\":396,\"caption\":\"padangbai2\"},{\"@type\":\"BreadcrumbList\",\"@id\":\"https:\\\/\\\/www.bikago.com\\\/de\\\/bali\\\/bikago-roller-und-motorradverleih-padangbai\\\/#breadcrumb\",\"itemListElement\":[{\"@type\":\"ListItem\",\"position\":1,\"name\":\"Home\",\"item\":\"https:\\\/\\\/www.bikago.com\\\/de\\\/roller-verleih-in-bali-lombok-phuket-krabi-und-chiang-mai\\\/\"},{\"@type\":\"ListItem\",\"position\":2,\"name\":\"Bali Vermietung\",\"item\":\"https:\\\/\\\/www.bikago.com\\\/de\\\/bali\\\/\"},{\"@type\":\"ListItem\",\"position\":3,\"name\":\"Bikago Roller- und Motorradverleih \u2013 Padangbai\"}]},{\"@type\":\"WebSite\",\"@id\":\"https:\\\/\\\/www.bikago.com\\\/de\\\/#website\",\"url\":\"https:\\\/\\\/www.bikago.com\\\/de\\\/\",\"name\":\"Bikago\",\"description\":\"\",\"publisher\":{\"@id\":\"https:\\\/\\\/www.bikago.com\\\/de\\\/#organization\"},\"potentialAction\":[{\"@type\":\"SearchAction\",\"target\":{\"@type\":\"EntryPoint\",\"urlTemplate\":\"https:\\\/\\\/www.bikago.com\\\/de\\\/?s={search_term_string}\"},\"query-input\":{\"@type\":\"PropertyValueSpecification\",\"valueRequired\":true,\"valueName\":\"search_term_string\"}}],\"inLanguage\":\"de\"},{\"@type\":[\"Organization\",\"Place\"],\"@id\":\"https:\\\/\\\/www.bikago.com\\\/de\\\/#organization\",\"name\":\"Bikago - Quality Bike Rentals\",\"alternateName\":\"Bikago - Quality Bike Rentals\",\"url\":\"https:\\\/\\\/www.bikago.com\\\/de\\\/\",\"logo\":{\"@id\":\"https:\\\/\\\/www.bikago.com\\\/de\\\/bali\\\/bikago-roller-und-motorradverleih-padangbai\\\/#local-main-organization-logo\"},\"image\":{\"@id\":\"https:\\\/\\\/www.bikago.com\\\/de\\\/bali\\\/bikago-roller-und-motorradverleih-padangbai\\\/#local-main-organization-logo\"},\"sameAs\":[\"https:\\\/\\\/www.facebook.com\\\/bikago.rental\",\"https:\\\/\\\/www.instagram.com\\\/bikago.bikerental\",\"https:\\\/\\\/www.linkedin.com\\\/company\\\/bikago\"],\"description\":\"Bikago is Southeast Asia's leading premium motorbike and scooter rental provider, offering trusted, safety-first rentals across Indonesia (Bali, Lombok) and Thailand (Phuket, Krabi, Chiang Mai). Famed for its impeccably maintained, fully-insured fleet and 24\\\/7 English-speaking roadside assistance, Bikago delivers a worry-free travel and rental experience, empowering adventurers to explore the region's best destinations.\",\"legalName\":\"Bikago Pte Ltd.\",\"foundingDate\":\"2014-03-20\",\"numberOfEmployees\":{\"@type\":\"QuantitativeValue\",\"minValue\":\"51\",\"maxValue\":\"200\"},\"telephone\":[],\"openingHoursSpecification\":[{\"@type\":\"OpeningHoursSpecification\",\"dayOfWeek\":[\"Monday\",\"Tuesday\",\"Wednesday\",\"Thursday\",\"Friday\",\"Saturday\",\"Sunday\"],\"opens\":\"09:00\",\"closes\":\"17:00\"}]},{\"@type\":\"ImageObject\",\"inLanguage\":\"de\",\"@id\":\"https:\\\/\\\/www.bikago.com\\\/de\\\/bali\\\/bikago-roller-und-motorradverleih-padangbai\\\/#local-main-organization-logo\",\"url\":\"https:\\\/\\\/www.bikago.com\\\/wp-content\\\/uploads\\\/2025\\\/10\\\/Bikago-logo-Yellow-White-Square.jpg\",\"contentUrl\":\"https:\\\/\\\/www.bikago.com\\\/wp-content\\\/uploads\\\/2025\\\/10\\\/Bikago-logo-Yellow-White-Square.jpg\",\"width\":1000,\"height\":1000,\"caption\":\"Bikago - Quality Bike Rentals\"}]}<\/script>\n<!-- \/ Yoast SEO Premium plugin. -->","yoast_head_json":{"title":"Bikago Roller- und Motorradverleih \u2013 Padangbai","description":"Erleben Sie Padangbai auf Bali ganz entspannt! Mieten Sie bei Bikago einen Roller oder ein Motorrad, um sicher zu atemberaubenden Str\u00e4nden, Tauchspots und anderen Zielen zu gelangen. Buchen Sie jetzt!","robots":{"index":"index","follow":"follow","max-snippet":"max-snippet:-1","max-image-preview":"max-image-preview:large","max-video-preview":"max-video-preview:-1"},"canonical":"https:\/\/www.bikago.com\/de\/wp-json\/wp\/v2\/pages\/4134\/","og_locale":"de_DE","og_type":"article","og_title":"Bikago Roller- und Motorradverleih \u2013 Padangbai","og_description":"Erleben Sie Padangbai auf Bali ganz entspannt! Mieten Sie bei Bikago einen Roller oder ein Motorrad, um sicher zu atemberaubenden Str\u00e4nden, Tauchspots und anderen Zielen zu gelangen. Buchen Sie jetzt!","og_url":"https:\/\/www.bikago.com\/de\/bali\/bikago-roller-und-motorradverleih-padangbai\/","og_site_name":"Bikago","article_publisher":"https:\/\/www.facebook.com\/bikago.rental","og_image":[{"width":264,"height":396,"url":"https:\/\/www.bikago.com\/wp-content\/uploads\/2025\/05\/padangbai2.webp","type":"image\/webp"}],"twitter_card":"summary_large_image","twitter_misc":{"Gesch\u00e4tzte Lesezeit":"5\u00a0Minuten"},"schema":{"@context":"https:\/\/schema.org","@graph":[{"@type":"WebPage","@id":"https:\/\/www.bikago.com\/de\/bali\/bikago-roller-und-motorradverleih-padangbai\/","url":"https:\/\/www.bikago.com\/de\/bali\/bikago-roller-und-motorradverleih-padangbai\/","name":"Bikago Roller- und Motorradverleih \u2013 Padangbai","isPartOf":{"@id":"https:\/\/www.bikago.com\/de\/#website"},"primaryImageOfPage":{"@id":"https:\/\/www.bikago.com\/de\/bali\/bikago-roller-und-motorradverleih-padangbai\/#primaryimage"},"image":{"@id":"https:\/\/www.bikago.com\/de\/bali\/bikago-roller-und-motorradverleih-padangbai\/#primaryimage"},"thumbnailUrl":"https:\/\/www.bikago.com\/wp-content\/uploads\/2025\/05\/padangbai2.webp","datePublished":"2024-11-12T07:51:02+00:00","description":"Erleben Sie Padangbai auf Bali ganz entspannt! Mieten Sie bei Bikago einen Roller oder ein Motorrad, um sicher zu atemberaubenden Str\u00e4nden, Tauchspots und anderen Zielen zu gelangen. Buchen Sie jetzt!","breadcrumb":{"@id":"https:\/\/www.bikago.com\/de\/bali\/bikago-roller-und-motorradverleih-padangbai\/#breadcrumb"},"inLanguage":"de","potentialAction":[{"@type":"ReadAction","target":["https:\/\/www.bikago.com\/de\/bali\/bikago-roller-und-motorradverleih-padangbai\/"]}]},{"@type":"ImageObject","inLanguage":"de","@id":"https:\/\/www.bikago.com\/de\/bali\/bikago-roller-und-motorradverleih-padangbai\/#primaryimage","url":"https:\/\/www.bikago.com\/wp-content\/uploads\/2025\/05\/padangbai2.webp","contentUrl":"https:\/\/www.bikago.com\/wp-content\/uploads\/2025\/05\/padangbai2.webp","width":264,"height":396,"caption":"padangbai2"},{"@type":"BreadcrumbList","@id":"https:\/\/www.bikago.com\/de\/bali\/bikago-roller-und-motorradverleih-padangbai\/#breadcrumb","itemListElement":[{"@type":"ListItem","position":1,"name":"Home","item":"https:\/\/www.bikago.com\/de\/roller-verleih-in-bali-lombok-phuket-krabi-und-chiang-mai\/"},{"@type":"ListItem","position":2,"name":"Bali Vermietung","item":"https:\/\/www.bikago.com\/de\/bali\/"},{"@type":"ListItem","position":3,"name":"Bikago Roller- und Motorradverleih \u2013 Padangbai"}]},{"@type":"WebSite","@id":"https:\/\/www.bikago.com\/de\/#website","url":"https:\/\/www.bikago.com\/de\/","name":"Bikago","description":"","publisher":{"@id":"https:\/\/www.bikago.com\/de\/#organization"},"potentialAction":[{"@type":"SearchAction","target":{"@type":"EntryPoint","urlTemplate":"https:\/\/www.bikago.com\/de\/?s={search_term_string}"},"query-input":{"@type":"PropertyValueSpecification","valueRequired":true,"valueName":"search_term_string"}}],"inLanguage":"de"},{"@type":["Organization","Place"],"@id":"https:\/\/www.bikago.com\/de\/#organization","name":"Bikago - Quality Bike Rentals","alternateName":"Bikago - Quality Bike Rentals","url":"https:\/\/www.bikago.com\/de\/","logo":{"@id":"https:\/\/www.bikago.com\/de\/bali\/bikago-roller-und-motorradverleih-padangbai\/#local-main-organization-logo"},"image":{"@id":"https:\/\/www.bikago.com\/de\/bali\/bikago-roller-und-motorradverleih-padangbai\/#local-main-organization-logo"},"sameAs":["https:\/\/www.facebook.com\/bikago.rental","https:\/\/www.instagram.com\/bikago.bikerental","https:\/\/www.linkedin.com\/company\/bikago"],"description":"Bikago is Southeast Asia's leading premium motorbike and scooter rental provider, offering trusted, safety-first rentals across Indonesia (Bali, Lombok) and Thailand (Phuket, Krabi, Chiang Mai). Famed for its impeccably maintained, fully-insured fleet and 24\/7 English-speaking roadside assistance, Bikago delivers a worry-free travel and rental experience, empowering adventurers to explore the region's best destinations.","legalName":"Bikago Pte Ltd.","foundingDate":"2014-03-20","numberOfEmployees":{"@type":"QuantitativeValue","minValue":"51","maxValue":"200"},"telephone":[],"openingHoursSpecification":[{"@type":"OpeningHoursSpecification","dayOfWeek":["Monday","Tuesday","Wednesday","Thursday","Friday","Saturday","Sunday"],"opens":"09:00","closes":"17:00"}]},{"@type":"ImageObject","inLanguage":"de","@id":"https:\/\/www.bikago.com\/de\/bali\/bikago-roller-und-motorradverleih-padangbai\/#local-main-organization-logo","url":"https:\/\/www.bikago.com\/wp-content\/uploads\/2025\/10\/Bikago-logo-Yellow-White-Square.jpg","contentUrl":"https:\/\/www.bikago.com\/wp-content\/uploads\/2025\/10\/Bikago-logo-Yellow-White-Square.jpg","width":1000,"height":1000,"caption":"Bikago - Quality Bike Rentals"}]}},"_links":{"self":[{"href":"https:\/\/www.bikago.com\/de\/wp-json\/wp\/v2\/pages\/4134","targetHints":{"allow":["GET"]}}],"collection":[{"href":"https:\/\/www.bikago.com\/de\/wp-json\/wp\/v2\/pages"}],"about":[{"href":"https:\/\/www.bikago.com\/de\/wp-json\/wp\/v2\/types\/page"}],"author":[{"embeddable":true,"href":"https:\/\/www.bikago.com\/de\/wp-json\/wp\/v2\/users\/1"}],"replies":[{"embeddable":true,"href":"https:\/\/www.bikago.com\/de\/wp-json\/wp\/v2\/comments?post=4134"}],"version-history":[{"count":0,"href":"https:\/\/www.bikago.com\/de\/wp-json\/wp\/v2\/pages\/4134\/revisions"}],"up":[{"embeddable":true,"href":"https:\/\/www.bikago.com\/de\/wp-json\/wp\/v2\/pages\/4079"}],"wp:featuredmedia":[{"embeddable":true,"href":"https:\/\/www.bikago.com\/de\/wp-json\/wp\/v2\/media\/4133"}],"wp:attachment":[{"href":"https:\/\/www.bikago.com\/de\/wp-json\/wp\/v2\/media?parent=4134"}],"wp:term":[{"taxonomy":"location-tag","embeddable":true,"href":"https:\/\/www.bikago.com\/de\/wp-json\/wp\/v2\/location-tag?post=4134"}],"curies":[{"name":"wp","href":"https:\/\/api.w.org\/{rel}","templated":true}]}}