{"id":4125,"date":"2024-11-12T07:31:08","date_gmt":"2024-11-12T07:31:08","guid":{"rendered":"https:\/\/www.bikago.com\/bali-vermietung\/bikago-roller-und-motorradverleih-lovina\/"},"modified":"2024-11-12T07:31:08","modified_gmt":"2024-11-12T07:31:08","slug":"bikago-roller-und-motorradverleih-lovina","status":"publish","type":"page","link":"https:\/\/www.bikago.com\/de\/bali\/bikago-roller-und-motorradverleih-lovina\/","title":{"rendered":"Bikago Roller- und Motorradverleih \u2013 Lovina"},"content":{"rendered":"<h2>Lovina Scooter Rentals vom f\u00fchrenden Scooter-Verleihservice auf Bali<\/h2>\n<p>Sie suchen einen Rollerverleih in Lovina? Willkommen bei Bikago, Ihrem zuverl\u00e4ssigen Rollerverleih Nr. 1 auf Bali, der Ihnen hochwertige Motorr\u00e4der im Norden Balis anbietet. Wir sind stolz darauf, Ihnen eine gro\u00dfe Auswahl an zuverl\u00e4ssigen und modernen Rollern und Motorr\u00e4dern anbieten zu k\u00f6nnen, die Ihnen w\u00e4hrend Ihres Aufenthalts auf der Insel ein au\u00dfergew\u00f6hnliches Fahrerlebnis bieten werden.  <\/p>\n<p>Egal, ob Sie die atemberaubende Landschaft von Nord-Bali, einschlie\u00dflich der wundersch\u00f6nen K\u00fcstenstadt Lovina, oder einen anderen Ort auf der Insel erkunden m\u00f6chten, wir haben das Richtige f\u00fcr Sie. Jedes Motorrad wird kostenlos an jeden Ort auf Bali geliefert und abgeholt, oder Sie k\u00f6nnen es an einem unserer zahlreichen Shop-and-Drop-\/Abholorte abholen und zur\u00fcckgeben. <\/p>\n<p>Sie m\u00fcssen uns nur mitteilen, wo und wann, und wir sorgen daf\u00fcr, dass Ihr Motorrad bereitsteht, wenn Sie es brauchen.<\/p>\n<p>Wir wissen, wie wichtig es ist, ein zuverl\u00e4ssiges, sicheres und komfortables Motorrad zu haben, um die Insel zu erkunden. Deshalb werden alle unsere Motorr\u00e4der sorgf\u00e4ltig gewartet und in einem Top-Zustand gehalten. Unser Expertenteam sorgt daf\u00fcr, dass jedes Motorrad vor und nach jeder Vermietung gr\u00fcndlich \u00fcberpr\u00fcft und gereinigt wird, sodass Sie sicher sein k\u00f6nnen, dass Ihr Motorrad in einem ausgezeichneten Zustand ist. <\/p>\n<p>&nbsp;<\/p>\n<h2>Bikago Scooter Rental Bewertungen<\/h2>\n<p><script src=\"https:\/\/static.elfsight.com\/platform\/platform.js\" async=\"\"><\/script><\/p>\n<div class=\"elfsight-app-20c96eca-d5c7-42dd-be74-4c299bfa619d\" data-elfsight-app-lazy=\"\"><\/div>\n<p>&nbsp;<\/p>\n<h2>Eine gro\u00dfe Auswahl an Rollern und Motorr\u00e4dern ist verf\u00fcgbar und versichert.<\/h2>\n<p>Wir bieten eine Vielzahl von Motorr\u00e4dern an, die Ihren Bed\u00fcrfnissen entsprechen, darunter die leistungsstarke und kompakte <a href=\"https:\/\/www.bikago.com\/our-fleet\/bali\/\">Honda Vario<\/a>, die charmante <a href=\"https:\/\/www.bikago.com\/our-fleet\/bali\/\">Honda Scoopy<\/a> und die gr\u00f6\u00dferen Yamaha XSR, Nmax und Honda CB, PCX und CRF sowie Vespa Sprint. Alle unsere Motorr\u00e4der werden mit einem umfassenden Versicherungsschutz, einer montierten Handyhalterung und einem Erste-Hilfe-Kasten geliefert, so dass Sie beruhigt fahren k\u00f6nnen, weil Sie wissen, dass Sie gut gesch\u00fctzt sind. <\/p>\n<p>Wir bei Bikago sind bestrebt, Ihnen das bestm\u00f6gliche Vermietungserlebnis zu bieten. Deshalb steht Ihnen unser Kundendienstteam 24 Stunden am Tag, 7 Tage die Woche zur Verf\u00fcgung, um Sie bei allen Fragen und Anliegen zu unterst\u00fctzen. Dar\u00fcber hinaus bieten wir eine Vielzahl von Zubeh\u00f6r an, darunter unsere <a href=\"https:\/\/bikagomobile.com\/\">Bikago Mobile eSIM- oder SIM-Karte<\/a> und unseren Surf-Rack, damit Sie Ihr Abenteuer auf Bali in vollen Z\u00fcgen genie\u00dfen k\u00f6nnen.  <\/p>\n<p>Warum also warten? Mieten Sie ein Motorrad bei Bikago und entdecken Sie das Beste, was Bali zu bieten hat. Dank unserer flexiblen Abhol- und R\u00fcckgabem\u00f6glichkeiten, unserem umfassenden Versicherungsschutz und unseren hochwertigen Motorr\u00e4dern k\u00f6nnen Sie die Insel bequem und komfortabel erkunden. Kontaktieren Sie uns noch heute, um Ihr Motorrad zu mieten und Ihr Bali-Abenteuer zu beginnen!   <\/p>\n<p>&nbsp;<\/p>\n<h2 class=\"elfsight-app-97e4ec56-c0e7-4eab-818b-1db1c8dc906d\">Lovina Scooter Rentals \u2013 Der Bikago-Unterschied<\/h2>\n<p>Sind Sie bereit f\u00fcr eine unvergessliche Reise durch die atemberaubenden Landschaften Balis, mit Lovina als Ausgangspunkt? Dann haben wir gute Nachrichten f\u00fcr Sie: Wir m\u00f6chten Ihre Entdeckungsreise noch spannender gestalten und versprechen Ihnen nicht nur Sicherheit und Zuverl\u00e4ssigkeit, sondern auch Erinnerungen, die Ihnen f\u00fcr immer im Herzen bleiben werden.  <\/p>\n<h3>Sicherheit geht vor, immer<\/h3>\n<p>Bei Bikago ist Sicherheit unser Ding. Wir stehen hinter Ihnen mit unserer soliden Motorradversicherung und einer Erfolgsbilanz von \u00fcber 60.000 Fahrern. Seit 2014 sind wir stolz darauf, jedes Jahr von Tripadvisor als die erste Wahl f\u00fcr Motorradvermietungen im bezaubernden Bali ausgezeichnet zu werden.  <\/p>\n<h3>Tausende haben abgestimmt \u2013 wir haben 4,5\/5 Punkte erzielt!<\/h3>\n<p>Schlie\u00dfen Sie sich den Tausenden an, die uns f\u00fcr ihre Lovina-Ausfl\u00fcge mit einer hervorragenden Bewertung von 4,5\/5 bewertet haben. Ihre Zufriedenheit ist unser Antrieb, Ihnen stets einen erstklassigen Service zu bieten. <\/p>\n<h3>Seit 2014 sind wir der Liebling von TripAdvisor.<\/h3>\n<p>Wir wollen nicht prahlen, aber wir haben ein Troph\u00e4enregal, in dem das <a href=\"https:\/\/www.tripadvisor.com\/Attraction_Review-g297694-d8028116-Reviews-Bikago-Denpasar_Bali.html\" target=\"_blank\" rel=\"noopener\">Zertifikat f\u00fcr Exzellenz von TripAdvisor<\/a> steht, das seit 2014 dort h\u00e4ngt. Unsere Scootervermietung in Lovina? Nun, sie sind seit Jahren ein Hit bei unseren gesch\u00e4tzten Kunden.  <\/p>\n<h3>Sorgf\u00e4ltig ausgew\u00e4hlte Premium-Fahrten<\/h3>\n<p>Die Sache ist die: Bei Bikago haben wir eine Vorliebe f\u00fcr erstklassige Motorr\u00e4der. Unsere Flotte ist firmeneigen und immer in einem Top-Zustand. Wenn Sie bei Bikago in Lovina ein Motorrad mieten, setzen Sie auf Zuverl\u00e4ssigkeit \u2013 sicher und zuverl\u00e4ssig f\u00fcr Ihre Abenteuer auf Bali. Oh, und wenn Sie eine Vorliebe f\u00fcr Vespas haben, wissen Sie was? Auch daf\u00fcr haben wir etwas f\u00fcr Sie!    <\/p>\n<h3>Wir sind rund um die Uhr f\u00fcr Sie da.<\/h3>\n<p>Haben Sie sich in der fesselnden Landschaft von Lovina verlaufen? Kein Grund zur Sorge! Unser englischsprachiger 24\/7-Kundenservice und unsere blitzschnelle Pannenhilfe sind nur einen Telefonanruf entfernt, um Ihnen den Tag zu retten, sei es bei einer Reifenpanne, bei niedrigem Benzinstand oder bei anderen Problemen, die das Leben mit sich bringt. Haben Sie Fragen? In unserer umfassenden <a href=\"https:\/\/help.bikago.com\/en\">Wissensdatenbank<\/a> finden Sie alles, was Sie \u00fcber das Fahrradfahren auf Bali wissen m\u00fcssen.    <\/p>\n<h3>Die Buchung ist ein Kinderspiel<\/h3>\n<p>Die Buchung Ihres Bikago-Abenteuers ist kinderleicht \u2013 Sie ben\u00f6tigen weder Bargeld noch zweifelhafte Anzahlungen. Wir haben ein benutzerfreundliches Online-Buchungssystem, das so einfach ist wie die Bestellung einer Pizza. W\u00e4hlen Sie Ihre Traumfahrt, legen Sie Datum und Uhrzeit fest und schlie\u00dfen Sie den Vertrag sicher \u00fcber unsere Website ab. Haben Sie Fragen? Unser Kundensupport-Team steht bereit, um Ihnen als Reisebegleiter zur Seite zu stehen.    <\/p>\n<h3>Wir k\u00fcmmern uns um Ihre Fahrt<\/h3>\n<p>Sorgen wegen Unf\u00e4llen? Keine Sorge, auch hier sind Sie bei uns gut aufgehoben. Entscheiden Sie sich f\u00fcr unsere umfassende Motorradversicherung, die sowohl Sch\u00e4den am Motorrad als auch Diebstahl abdeckt. So m\u00fcssen Sie im Falle eines Falles nicht tief in die Tasche greifen. Die Selbstbeteiligung? Nur 95,00 USD, und alles dar\u00fcber hinaus \u2013 ja, das ist abgedeckt.     <\/p>\n<h3>Budgetfreundliche Vermietungen<\/h3>\n<p>M\u00f6chten Sie Bali mit kleinem Budget erkunden? Unsere Mietpreise werden kein Loch in Ihre Tasche rei\u00dfen. Holen Sie sich jetzt sofort ein Online-Angebot f\u00fcr Ihren n\u00e4chsten Urlaub! Wir liefern \u00fcberall auf Bali, einschlie\u00dflich Lovina.    <a href=\"https:\/\/www.bikago.com\/de\/\">Buchen Sie jetzt Ihren Mietroller auf Bali!<\/a><\/p>\n<h3><\/h3>\n<h3>Sie finden uns auch unter:<\/h3>\n<ul class=\"sub-menu\">\n<li id=\"menu-item-819\" class=\"menu-item menu-item-type-post_type menu-item-object-location menu-item-819\"><a href=\"https:\/\/www.bikago.com\/bali\/canggu-scooter-motorbike-rental\/\">Canggu<\/a><\/li>\n<li id=\"menu-item-820\" class=\"menu-item menu-item-type-post_type menu-item-object-location menu-item-820\"><a href=\"https:\/\/www.bikago.com\/bali\/jimbaran-scooter-rental\/\">Jimbaran<\/a><\/li>\n<li id=\"menu-item-1143\" class=\"menu-item menu-item-type-post_type menu-item-object-location menu-item-1143\"><a href=\"https:\/\/www.bikago.com\/bali\/lovina-scooter-rental\/\">Lovina<\/a><\/li>\n<li id=\"menu-item-822\" class=\"menu-item menu-item-type-post_type menu-item-object-location menu-item-822\"><a href=\"\/bali\/airport\/\">Flughafen Ngurah Rai Bali<\/a><\/li>\n<li id=\"menu-item-1171\" class=\"menu-item menu-item-type-post_type menu-item-object-location menu-item-1171\"><a href=\"https:\/\/www.bikago.com\/bali\/padangbai-pickup-drop-off-point\/\">Padangbai<\/a><\/li>\n<li id=\"menu-item-818\" class=\"menu-item menu-item-type-post_type menu-item-object-location menu-item-818\"><a href=\"https:\/\/www.bikago.com\/bali\/sanur-scooter-rental\/\">Sanur<\/a><\/li>\n<li id=\"menu-item-821\" class=\"menu-item menu-item-type-post_type menu-item-object-location menu-item-821\"><a href=\"https:\/\/www.bikago.com\/bali\/scooter-motorbike-rental-seminyak\/\">Seminyak<\/a><\/li>\n<li id=\"menu-item-1012\" class=\"menu-item menu-item-type-post_type menu-item-object-location menu-item-1012\"><a href=\"\/bali\/ubud\/\">Ubud<\/a><\/li>\n<li id=\"menu-item-273031\" class=\"menu-item menu-item-type-post_type menu-item-object-location menu-item-273031\"><a href=\"https:\/\/www.bikago.com\/bali\/uluwatu-scooter-bike-rental\/\">Uluwatu<\/a><\/li>\n<\/ul>\n","protected":false},"excerpt":{"rendered":"<p>Lovina Scooter Rentals vom f\u00fchrenden Scooter-Verleihservice auf Bali Sie suchen einen Rollerverleih in Lovina? Willkommen bei Bikago, Ihrem zuverl\u00e4ssigen Rollerverleih Nr. 1 auf Bali, der Ihnen hochwertige Motorr\u00e4der im Norden Balis anbietet. Wir sind stolz darauf, Ihnen eine gro\u00dfe Auswahl an zuverl\u00e4ssigen und modernen Rollern und Motorr\u00e4dern anbieten zu k\u00f6nnen, die Ihnen w\u00e4hrend Ihres Aufenthalts [&hellip;]<\/p>\n","protected":false},"author":1,"featured_media":4124,"parent":4079,"menu_order":0,"comment_status":"closed","ping_status":"closed","template":"","meta":{"_acf_changed":false,"footnotes":""},"location-tag":[30],"class_list":["post-4125","page","type-page","status-publish","has-post-thumbnail","hentry","location-tag-bali"],"acf":[],"yoast_head":"<!-- This site is optimized with the Yoast SEO Premium plugin v27.4 (Yoast SEO v27.4) - https:\/\/yoast.com\/product\/yoast-seo-premium-wordpress\/ -->\n<title>Bikago Roller- und Motorradverleih \u2013 Lovina<\/title>\n<meta name=\"description\" content=\"Mieten Sie einen Roller in Lovina, Nord-Bali, bei Bikago. Sichere, zuverl\u00e4ssige Fahrten, um Str\u00e4nde, Wasserf\u00e4lle und versteckte Juwelen im Norden Balis zu erkunden.\" \/>\n<meta name=\"robots\" content=\"index, follow, max-snippet:-1, max-image-preview:large, max-video-preview:-1\" \/>\n<link rel=\"canonical\" href=\"https:\/\/www.bikago.com\/de\/wp-json\/wp\/v2\/pages\/4125\/\" \/>\n<meta property=\"og:locale\" content=\"de_DE\" \/>\n<meta property=\"og:type\" content=\"article\" \/>\n<meta property=\"og:title\" content=\"Bikago Roller- und Motorradverleih \u2013 Lovina\" \/>\n<meta property=\"og:description\" content=\"Mieten Sie einen Roller in Lovina, Nord-Bali, bei Bikago. Sichere, zuverl\u00e4ssige Fahrten, um Str\u00e4nde, Wasserf\u00e4lle und versteckte Juwelen im Norden Balis zu erkunden.\" \/>\n<meta property=\"og:url\" content=\"https:\/\/www.bikago.com\/de\/bali\/bikago-roller-und-motorradverleih-lovina\/\" \/>\n<meta property=\"og:site_name\" content=\"Bikago\" \/>\n<meta property=\"article:publisher\" content=\"https:\/\/www.facebook.com\/bikago.rental\" \/>\n<meta property=\"og:image\" content=\"https:\/\/www.bikago.com\/wp-content\/uploads\/2025\/05\/lovina2.webp\" \/>\n\t<meta property=\"og:image:width\" content=\"264\" \/>\n\t<meta property=\"og:image:height\" content=\"396\" \/>\n\t<meta property=\"og:image:type\" content=\"image\/webp\" \/>\n<meta name=\"twitter:card\" content=\"summary_large_image\" \/>\n<meta name=\"twitter:label1\" content=\"Gesch\u00e4tzte Lesezeit\" \/>\n\t<meta name=\"twitter:data1\" content=\"5\u00a0Minuten\" \/>\n<script type=\"application\/ld+json\" class=\"yoast-schema-graph\">{\"@context\":\"https:\\\/\\\/schema.org\",\"@graph\":[{\"@type\":\"WebPage\",\"@id\":\"https:\\\/\\\/www.bikago.com\\\/de\\\/bali\\\/bikago-roller-und-motorradverleih-lovina\\\/\",\"url\":\"https:\\\/\\\/www.bikago.com\\\/de\\\/bali\\\/bikago-roller-und-motorradverleih-lovina\\\/\",\"name\":\"Bikago Roller- und Motorradverleih \u2013 Lovina\",\"isPartOf\":{\"@id\":\"https:\\\/\\\/www.bikago.com\\\/de\\\/#website\"},\"primaryImageOfPage\":{\"@id\":\"https:\\\/\\\/www.bikago.com\\\/de\\\/bali\\\/bikago-roller-und-motorradverleih-lovina\\\/#primaryimage\"},\"image\":{\"@id\":\"https:\\\/\\\/www.bikago.com\\\/de\\\/bali\\\/bikago-roller-und-motorradverleih-lovina\\\/#primaryimage\"},\"thumbnailUrl\":\"https:\\\/\\\/www.bikago.com\\\/wp-content\\\/uploads\\\/2025\\\/05\\\/lovina2.webp\",\"datePublished\":\"2024-11-12T07:31:08+00:00\",\"description\":\"Mieten Sie einen Roller in Lovina, Nord-Bali, bei Bikago. Sichere, zuverl\u00e4ssige Fahrten, um Str\u00e4nde, Wasserf\u00e4lle und versteckte Juwelen im Norden Balis zu erkunden.\",\"breadcrumb\":{\"@id\":\"https:\\\/\\\/www.bikago.com\\\/de\\\/bali\\\/bikago-roller-und-motorradverleih-lovina\\\/#breadcrumb\"},\"inLanguage\":\"de\",\"potentialAction\":[{\"@type\":\"ReadAction\",\"target\":[\"https:\\\/\\\/www.bikago.com\\\/de\\\/bali\\\/bikago-roller-und-motorradverleih-lovina\\\/\"]}]},{\"@type\":\"ImageObject\",\"inLanguage\":\"de\",\"@id\":\"https:\\\/\\\/www.bikago.com\\\/de\\\/bali\\\/bikago-roller-und-motorradverleih-lovina\\\/#primaryimage\",\"url\":\"https:\\\/\\\/www.bikago.com\\\/wp-content\\\/uploads\\\/2025\\\/05\\\/lovina2.webp\",\"contentUrl\":\"https:\\\/\\\/www.bikago.com\\\/wp-content\\\/uploads\\\/2025\\\/05\\\/lovina2.webp\",\"width\":264,\"height\":396,\"caption\":\"lovina2\"},{\"@type\":\"BreadcrumbList\",\"@id\":\"https:\\\/\\\/www.bikago.com\\\/de\\\/bali\\\/bikago-roller-und-motorradverleih-lovina\\\/#breadcrumb\",\"itemListElement\":[{\"@type\":\"ListItem\",\"position\":1,\"name\":\"Home\",\"item\":\"https:\\\/\\\/www.bikago.com\\\/de\\\/roller-verleih-in-bali-lombok-phuket-krabi-und-chiang-mai\\\/\"},{\"@type\":\"ListItem\",\"position\":2,\"name\":\"Bali Vermietung\",\"item\":\"https:\\\/\\\/www.bikago.com\\\/de\\\/bali\\\/\"},{\"@type\":\"ListItem\",\"position\":3,\"name\":\"Bikago Roller- und Motorradverleih \u2013 Lovina\"}]},{\"@type\":\"WebSite\",\"@id\":\"https:\\\/\\\/www.bikago.com\\\/de\\\/#website\",\"url\":\"https:\\\/\\\/www.bikago.com\\\/de\\\/\",\"name\":\"Bikago\",\"description\":\"\",\"publisher\":{\"@id\":\"https:\\\/\\\/www.bikago.com\\\/de\\\/#organization\"},\"potentialAction\":[{\"@type\":\"SearchAction\",\"target\":{\"@type\":\"EntryPoint\",\"urlTemplate\":\"https:\\\/\\\/www.bikago.com\\\/de\\\/?s={search_term_string}\"},\"query-input\":{\"@type\":\"PropertyValueSpecification\",\"valueRequired\":true,\"valueName\":\"search_term_string\"}}],\"inLanguage\":\"de\"},{\"@type\":[\"Organization\",\"Place\"],\"@id\":\"https:\\\/\\\/www.bikago.com\\\/de\\\/#organization\",\"name\":\"Bikago - Quality Bike Rentals\",\"alternateName\":\"Bikago - Quality Bike Rentals\",\"url\":\"https:\\\/\\\/www.bikago.com\\\/de\\\/\",\"logo\":{\"@id\":\"https:\\\/\\\/www.bikago.com\\\/de\\\/bali\\\/bikago-roller-und-motorradverleih-lovina\\\/#local-main-organization-logo\"},\"image\":{\"@id\":\"https:\\\/\\\/www.bikago.com\\\/de\\\/bali\\\/bikago-roller-und-motorradverleih-lovina\\\/#local-main-organization-logo\"},\"sameAs\":[\"https:\\\/\\\/www.facebook.com\\\/bikago.rental\",\"https:\\\/\\\/www.instagram.com\\\/bikago.bikerental\",\"https:\\\/\\\/www.linkedin.com\\\/company\\\/bikago\"],\"description\":\"Bikago is Southeast Asia's leading premium motorbike and scooter rental provider, offering trusted, safety-first rentals across Indonesia (Bali, Lombok) and Thailand (Phuket, Krabi, Chiang Mai). Famed for its impeccably maintained, fully-insured fleet and 24\\\/7 English-speaking roadside assistance, Bikago delivers a worry-free travel and rental experience, empowering adventurers to explore the region's best destinations.\",\"legalName\":\"Bikago Pte Ltd.\",\"foundingDate\":\"2014-03-20\",\"numberOfEmployees\":{\"@type\":\"QuantitativeValue\",\"minValue\":\"51\",\"maxValue\":\"200\"},\"telephone\":[],\"openingHoursSpecification\":[{\"@type\":\"OpeningHoursSpecification\",\"dayOfWeek\":[\"Monday\",\"Tuesday\",\"Wednesday\",\"Thursday\",\"Friday\",\"Saturday\",\"Sunday\"],\"opens\":\"09:00\",\"closes\":\"17:00\"}]},{\"@type\":\"ImageObject\",\"inLanguage\":\"de\",\"@id\":\"https:\\\/\\\/www.bikago.com\\\/de\\\/bali\\\/bikago-roller-und-motorradverleih-lovina\\\/#local-main-organization-logo\",\"url\":\"https:\\\/\\\/www.bikago.com\\\/wp-content\\\/uploads\\\/2025\\\/10\\\/Bikago-logo-Yellow-White-Square.jpg\",\"contentUrl\":\"https:\\\/\\\/www.bikago.com\\\/wp-content\\\/uploads\\\/2025\\\/10\\\/Bikago-logo-Yellow-White-Square.jpg\",\"width\":1000,\"height\":1000,\"caption\":\"Bikago - Quality Bike Rentals\"}]}<\/script>\n<!-- \/ Yoast SEO Premium plugin. -->","yoast_head_json":{"title":"Bikago Roller- und Motorradverleih \u2013 Lovina","description":"Mieten Sie einen Roller in Lovina, Nord-Bali, bei Bikago. Sichere, zuverl\u00e4ssige Fahrten, um Str\u00e4nde, Wasserf\u00e4lle und versteckte Juwelen im Norden Balis zu erkunden.","robots":{"index":"index","follow":"follow","max-snippet":"max-snippet:-1","max-image-preview":"max-image-preview:large","max-video-preview":"max-video-preview:-1"},"canonical":"https:\/\/www.bikago.com\/de\/wp-json\/wp\/v2\/pages\/4125\/","og_locale":"de_DE","og_type":"article","og_title":"Bikago Roller- und Motorradverleih \u2013 Lovina","og_description":"Mieten Sie einen Roller in Lovina, Nord-Bali, bei Bikago. Sichere, zuverl\u00e4ssige Fahrten, um Str\u00e4nde, Wasserf\u00e4lle und versteckte Juwelen im Norden Balis zu erkunden.","og_url":"https:\/\/www.bikago.com\/de\/bali\/bikago-roller-und-motorradverleih-lovina\/","og_site_name":"Bikago","article_publisher":"https:\/\/www.facebook.com\/bikago.rental","og_image":[{"width":264,"height":396,"url":"https:\/\/www.bikago.com\/wp-content\/uploads\/2025\/05\/lovina2.webp","type":"image\/webp"}],"twitter_card":"summary_large_image","twitter_misc":{"Gesch\u00e4tzte Lesezeit":"5\u00a0Minuten"},"schema":{"@context":"https:\/\/schema.org","@graph":[{"@type":"WebPage","@id":"https:\/\/www.bikago.com\/de\/bali\/bikago-roller-und-motorradverleih-lovina\/","url":"https:\/\/www.bikago.com\/de\/bali\/bikago-roller-und-motorradverleih-lovina\/","name":"Bikago Roller- und Motorradverleih \u2013 Lovina","isPartOf":{"@id":"https:\/\/www.bikago.com\/de\/#website"},"primaryImageOfPage":{"@id":"https:\/\/www.bikago.com\/de\/bali\/bikago-roller-und-motorradverleih-lovina\/#primaryimage"},"image":{"@id":"https:\/\/www.bikago.com\/de\/bali\/bikago-roller-und-motorradverleih-lovina\/#primaryimage"},"thumbnailUrl":"https:\/\/www.bikago.com\/wp-content\/uploads\/2025\/05\/lovina2.webp","datePublished":"2024-11-12T07:31:08+00:00","description":"Mieten Sie einen Roller in Lovina, Nord-Bali, bei Bikago. Sichere, zuverl\u00e4ssige Fahrten, um Str\u00e4nde, Wasserf\u00e4lle und versteckte Juwelen im Norden Balis zu erkunden.","breadcrumb":{"@id":"https:\/\/www.bikago.com\/de\/bali\/bikago-roller-und-motorradverleih-lovina\/#breadcrumb"},"inLanguage":"de","potentialAction":[{"@type":"ReadAction","target":["https:\/\/www.bikago.com\/de\/bali\/bikago-roller-und-motorradverleih-lovina\/"]}]},{"@type":"ImageObject","inLanguage":"de","@id":"https:\/\/www.bikago.com\/de\/bali\/bikago-roller-und-motorradverleih-lovina\/#primaryimage","url":"https:\/\/www.bikago.com\/wp-content\/uploads\/2025\/05\/lovina2.webp","contentUrl":"https:\/\/www.bikago.com\/wp-content\/uploads\/2025\/05\/lovina2.webp","width":264,"height":396,"caption":"lovina2"},{"@type":"BreadcrumbList","@id":"https:\/\/www.bikago.com\/de\/bali\/bikago-roller-und-motorradverleih-lovina\/#breadcrumb","itemListElement":[{"@type":"ListItem","position":1,"name":"Home","item":"https:\/\/www.bikago.com\/de\/roller-verleih-in-bali-lombok-phuket-krabi-und-chiang-mai\/"},{"@type":"ListItem","position":2,"name":"Bali Vermietung","item":"https:\/\/www.bikago.com\/de\/bali\/"},{"@type":"ListItem","position":3,"name":"Bikago Roller- und Motorradverleih \u2013 Lovina"}]},{"@type":"WebSite","@id":"https:\/\/www.bikago.com\/de\/#website","url":"https:\/\/www.bikago.com\/de\/","name":"Bikago","description":"","publisher":{"@id":"https:\/\/www.bikago.com\/de\/#organization"},"potentialAction":[{"@type":"SearchAction","target":{"@type":"EntryPoint","urlTemplate":"https:\/\/www.bikago.com\/de\/?s={search_term_string}"},"query-input":{"@type":"PropertyValueSpecification","valueRequired":true,"valueName":"search_term_string"}}],"inLanguage":"de"},{"@type":["Organization","Place"],"@id":"https:\/\/www.bikago.com\/de\/#organization","name":"Bikago - Quality Bike Rentals","alternateName":"Bikago - Quality Bike Rentals","url":"https:\/\/www.bikago.com\/de\/","logo":{"@id":"https:\/\/www.bikago.com\/de\/bali\/bikago-roller-und-motorradverleih-lovina\/#local-main-organization-logo"},"image":{"@id":"https:\/\/www.bikago.com\/de\/bali\/bikago-roller-und-motorradverleih-lovina\/#local-main-organization-logo"},"sameAs":["https:\/\/www.facebook.com\/bikago.rental","https:\/\/www.instagram.com\/bikago.bikerental","https:\/\/www.linkedin.com\/company\/bikago"],"description":"Bikago is Southeast Asia's leading premium motorbike and scooter rental provider, offering trusted, safety-first rentals across Indonesia (Bali, Lombok) and Thailand (Phuket, Krabi, Chiang Mai). Famed for its impeccably maintained, fully-insured fleet and 24\/7 English-speaking roadside assistance, Bikago delivers a worry-free travel and rental experience, empowering adventurers to explore the region's best destinations.","legalName":"Bikago Pte Ltd.","foundingDate":"2014-03-20","numberOfEmployees":{"@type":"QuantitativeValue","minValue":"51","maxValue":"200"},"telephone":[],"openingHoursSpecification":[{"@type":"OpeningHoursSpecification","dayOfWeek":["Monday","Tuesday","Wednesday","Thursday","Friday","Saturday","Sunday"],"opens":"09:00","closes":"17:00"}]},{"@type":"ImageObject","inLanguage":"de","@id":"https:\/\/www.bikago.com\/de\/bali\/bikago-roller-und-motorradverleih-lovina\/#local-main-organization-logo","url":"https:\/\/www.bikago.com\/wp-content\/uploads\/2025\/10\/Bikago-logo-Yellow-White-Square.jpg","contentUrl":"https:\/\/www.bikago.com\/wp-content\/uploads\/2025\/10\/Bikago-logo-Yellow-White-Square.jpg","width":1000,"height":1000,"caption":"Bikago - Quality Bike Rentals"}]}},"_links":{"self":[{"href":"https:\/\/www.bikago.com\/de\/wp-json\/wp\/v2\/pages\/4125","targetHints":{"allow":["GET"]}}],"collection":[{"href":"https:\/\/www.bikago.com\/de\/wp-json\/wp\/v2\/pages"}],"about":[{"href":"https:\/\/www.bikago.com\/de\/wp-json\/wp\/v2\/types\/page"}],"author":[{"embeddable":true,"href":"https:\/\/www.bikago.com\/de\/wp-json\/wp\/v2\/users\/1"}],"replies":[{"embeddable":true,"href":"https:\/\/www.bikago.com\/de\/wp-json\/wp\/v2\/comments?post=4125"}],"version-history":[{"count":0,"href":"https:\/\/www.bikago.com\/de\/wp-json\/wp\/v2\/pages\/4125\/revisions"}],"up":[{"embeddable":true,"href":"https:\/\/www.bikago.com\/de\/wp-json\/wp\/v2\/pages\/4079"}],"wp:featuredmedia":[{"embeddable":true,"href":"https:\/\/www.bikago.com\/de\/wp-json\/wp\/v2\/media\/4124"}],"wp:attachment":[{"href":"https:\/\/www.bikago.com\/de\/wp-json\/wp\/v2\/media?parent=4125"}],"wp:term":[{"taxonomy":"location-tag","embeddable":true,"href":"https:\/\/www.bikago.com\/de\/wp-json\/wp\/v2\/location-tag?post=4125"}],"curies":[{"name":"wp","href":"https:\/\/api.w.org\/{rel}","templated":true}]}}