{"id":4099,"date":"2024-11-12T07:02:20","date_gmt":"2024-11-12T07:02:20","guid":{"rendered":"https:\/\/www.bikago.com\/bali-vermietung\/bikago-roller-und-motorradverleih-canggu\/"},"modified":"2026-05-06T12:27:34","modified_gmt":"2026-05-06T12:27:34","slug":"bikago-roller-und-motorradverleih-canggu","status":"publish","type":"page","link":"https:\/\/www.bikago.com\/de\/bali\/bikago-roller-und-motorradverleih-canggu\/","title":{"rendered":"Bikago Roller- und Motorradverleih \u2013 Canggu"},"content":{"rendered":"<h2>Ben\u00f6tigen Sie einen Roller oder ein Motorrad in Canggu?<\/h2>\n<p>Sie m\u00f6chten in Canggu einen Roller oder ein Motorrad mieten? Dann sind Sie hier genau richtig. Willkommen bei Bikago \u2013 dem f\u00fchrenden Roller- und Motorradverleih auf Bali.  <\/p>\n<p>Unsere Filiale in Canggu liegt zentral in der Jalan Batu Bolong und bietet verschiedene Arten von Rollern und Motorr\u00e4dern zum Mieten an. F\u00fcr regelm\u00e4\u00dfige Fahrten empfehlen wir den Honda Vario. Dieser Automatikroller ist dank seines 160-ccm-Motors leistungsstark und dennoch kompakt und leicht zu fahren.  <\/p>\n<p>Die Honda Scoopy (110 ccm) ist ebenfalls ein sch\u00f6nes Motorrad. Sie ist kleiner als die Vario und hat ein charmantes Design. Die gr\u00f6\u00dferen Motoren mit 150 ccm+ finden sich in der Yamaha XSR, Nmax und Honda CB, PCX und CRF sowie Vespa Sprint.  <\/p>\n<p>Sind Sie bereit f\u00fcr ein unvergessliches Abenteuer, bei dem Sie die faszinierenden Landschaften von Canggu erkunden k\u00f6nnen? Dann sind Sie hier genau richtig \u2013 Bikago sorgt daf\u00fcr, dass Sie Ihre Entdeckungsreise sicher und unbeschwert genie\u00dfen k\u00f6nnen. <\/p>\n<p>&nbsp;<\/p>\n<h2>Bikago Scooter Rental Bewertungen<\/h2>\n<p><script src=\"https:\/\/static.elfsight.com\/platform\/platform.js\" async=\"\"><\/script><\/p>\n<div class=\"elfsight-app-20c96eca-d5c7-42dd-be74-4c299bfa619d\" data-elfsight-app-lazy=\"\"><\/div>\n<p>&nbsp;<\/p>\n<p>&nbsp;<\/p>\n<h2>Die Leihroller und -motorr\u00e4der von Bikago in Canggu fahren sich wie neu.<\/h2>\n<p>&nbsp;<\/p>\n<h3>Ihre Sicherheit ist unsere Priorit\u00e4t<\/h3>\n<p>Mit einer umfassenden Motorradversicherung und einer bemerkenswerten Erfolgsbilanz von \u00fcber 60.000 Kunden hat sich Bikago als erste Wahl f\u00fcr Motorradvermietungen im pulsierenden Canggu etabliert.<\/p>\n<h3>Von Tausenden hoch bewertet<\/h3>\n<p>Schlie\u00dfen Sie sich der Vielzahl zufriedener Kunden an, die uns f\u00fcr ihre Ausfl\u00fcge nach Canggu mit bemerkenswerten 4,5\/5 bewertet haben. Ihre Zufriedenheit ist der Antrieb f\u00fcr unser unersch\u00fctterliches Engagement f\u00fcr Spitzenleistungen. <\/p>\n<h3>Seit 2014 durchgehend ausgezeichnet auf TripAdvisor<\/h3>\n<p>Wir sind sehr stolz auf unsere zahlreichen Auszeichnungen, darunter das <a href=\"https:\/\/www.tripadvisor.com\/Attraction_Review-g297694-d8028116-Reviews-Bikago-Denpasar_Bali.html\" target=\"_blank\" rel=\"noopener\">Zertifikat f\u00fcr Exzellenz von TripAdvisor<\/a>, das wir seit 2014 erhalten haben. Unsere Scootervermietung in Canggu hat durchweg positive Bewertungen von unseren gesch\u00e4tzten Kunden aus aller Welt erhalten. <\/p>\n<h3>Erstklassige Fahrradflotte<\/h3>\n<p>Bei Bikago bieten wir ausschlie\u00dflich hochwertige Fahrr\u00e4der in neuwertigem Zustand zur Miete in Canggu an. Unsere Flotte ist firmeneigen, wird sorgf\u00e4ltig gewartet und in einwandfreiem Zustand gehalten. Das bedeutet, dass Sie sich darauf verlassen k\u00f6nnen, dass ein bei Bikago in Canggu gemietetes Fahrrad zuverl\u00e4ssig und sicher f\u00fcr Ihre Abenteuer ist. Und wenn Sie in Canggu ein Vespa-Mietfahrzeug suchen (all diese trendigen Instagram-Fotos!), k\u00f6nnen Sie sicher sein, dass Bikago das Richtige f\u00fcr Sie hat.   <\/p>\n<h3>Rund-um-die-Uhr-Kundendienst und Pannenhilfe<\/h3>\n<p>Dank unseres englischsprachigen 24\/7-Kundendienstes und unserer schnellen Pannenhilfe sind Sie auf den malerischen Stra\u00dfen von Canggu nie allein. Ob Sie eine Reifenpanne haben, kein Benzin mehr haben oder in eine andere Notlage geraten \u2013 wir sind nur einen Anruf entfernt und stehen bereit, Ihnen die ben\u00f6tigte Hilfe zu leisten. <\/p>\n<h3>M\u00fcheloser Online-Buchungsprozess<\/h3>\n<p>Die Online-Buchung Ihrer Fahrt mit Bikago ist kinderleicht \u2013 Sie ben\u00f6tigen weder Bargeld noch hinterlassen Sie eine Kaution oder m\u00fcssen Ihren Reisepass hinterlegen. Wir bieten ein benutzerfreundliches Online-Buchungssystem. W\u00e4hlen Sie einfach Ihr Wunschfahrrad, legen Sie Datum und Uhrzeit fest und bezahlen Sie sicher \u00fcber unsere Website. Sollten Sie Hilfe ben\u00f6tigen, wenden Sie sich bitte an unseren Kundenservice. Wir helfen Ihnen gerne weiter!    <\/p>\n<h3>Umfassende Versicherung f\u00fcr Roller- und Fahrradverleih<\/h3>\n<p>Wenn Sie sich f\u00fcr Bikago als Ihren Roller-Verleih in Canggu entscheiden, haben Sie die M\u00f6glichkeit, eine Motorradversicherung abzuschlie\u00dfen. Diese deckt sowohl Sch\u00e4den am Motorrad als auch Diebstahl ab und stellt sicher, dass Sie im Falle eines Unfalls gegen m\u00f6gliche Sch\u00e4den am Motorrad gesch\u00fctzt sind. Die Selbstbeteiligung betr\u00e4gt nur 95,00 USD, und alle Kosten, die diesen Betrag \u00fcbersteigen, werden von der Versicherung \u00fcbernommen.  <\/p>\n<h3>Wettbewerbsf\u00e4hige Mietpreise<\/h3>\n<p>Entdecken Sie unsere Preise f\u00fcr das Mieten von Fahrr\u00e4dern und Motorrollern in Canggu. Holen Sie sich noch heute ein <a href=\"https:\/\/www.bikago.com\/de\/\">sofortiges Online-Angebot<\/a> f\u00fcr Ihr n\u00e4chstes Abenteuer! <\/p>\n<p>Wir sorgen daf\u00fcr, dass Sie auf Bali eine gro\u00dfartige Erfahrung mit dem Motorradverleih machen: Unser Kundenservice ist 24\/7 erreichbar und jedes Motorrad wird kostenlos \u00fcberall auf Bali geliefert und abgeholt. Unsere Motorr\u00e4der sind mit einem Erste-Hilfe-Kasten an Bord sowie einem montierten Telefonhalter ausgestattet. Dar\u00fcber hinaus ist unsere Motorradversicherung umfassend. Bis zu zwei Helme sind im Preis inbegriffen (nat\u00fcrlich gut sitzend und desinfiziert). Bei Bikago bieten wir Ihnen viel Zubeh\u00f6r. So k\u00f6nnen Sie mit unserer <a href=\"https:\/\/bikagomobile.com\" target=\"_blank\" rel=\"noopener\">Bikago Mobile<\/a> eSIM oder SIM-Karte 4G-Internet genie\u00dfen oder Ihr Surfbrett mit unserem montierten Surf-Rack mitnehmen.      <\/p>\n<p>&nbsp;<\/p>\n<h2>Canggu Scooter Rental \u2013 Entdecken Sie Bali mit dem Motorrad<\/h2>\n<p>Bali ist ein fantastisches Urlaubsziel. Die indonesische Insel hat viel zu bieten. Sie ist bekannt f\u00fcr ihre Reisfelder und alten Tempel, die man bequem mit einem gemieteten Motorrad oder Roller erkunden kann. Bali bietet Ihnen ein gro\u00dfartiges Klima, tolle Unterk\u00fcnfte, wundersch\u00f6ne Str\u00e4nde, Korallenriffe und vieles mehr. Surfen ist sehr beliebt. Haben wir schon die Gastronomieszene erw\u00e4hnt? Bali gewinnt zahlreiche Auszeichnungen als kulinarisches und weltbekanntes Urlaubsziel.      <\/p>\n<p>Um Ihren Urlaub in Freiheit und Komfort zu genie\u00dfen, sollten Sie w\u00e4hrend Ihres Urlaubs auf Bali ein Motorrad mieten. Die Stra\u00dfen auf Bali sind schmal und Autos stehen h\u00e4ufiger im Stau als dass sie tats\u00e4chlich fahren. \u00d6ffentliche Verkehrsmittel sind immer \u00fcberf\u00fcllt und unzuverl\u00e4ssig. Deshalb fahren die Menschen auf Bali Motorr\u00e4der und Roller. Sie werden sehen, dass die Insel daran v\u00f6llig gew\u00f6hnt ist. In jedem Caf\u00e9 oder Restaurant k\u00f6nnen Sie Ihren Roller abstellen. Ihre Unterkunft verf\u00fcgt \u00fcber einen Parkplatz f\u00fcr Ihr gemietetes Motorrad.      <\/p>\n<p>W\u00e4hrend der Hochsaison auf Bali sind unsere Motorr\u00e4der oft vermietet<strong>, daher ist es ratsam, Ihr Motorrad bei uns rechtzeitig zu mieten.<\/strong><\/p>\n<p>Haben Sie Fragen zu unserem Motorradverleih in Bali? Schauen Sie in unsere umfassende <a href=\"https:\/\/help.bikago.com\/en\">Wissensdatenbank<\/a>. Oder wenden Sie sich direkt an uns! Unser Customer Care Team steht Ihnen Tag und Nacht per E-Mail, Chat und Telefon zur Verf\u00fcgung.   <\/p>\n<p>&nbsp;<\/p>\n<h3>Sie finden uns auch unter:<\/h3>\n<ul class=\"sub-menu\">\n<li id=\"menu-item-819\" class=\"menu-item menu-item-type-post_type menu-item-object-location menu-item-819\"><a href=\"https:\/\/www.bikago.com\/de\/bali\/bikago-roller-und-motorradverleih-canggu\/\">Canggu<\/a><\/li>\n<li id=\"menu-item-820\" class=\"menu-item menu-item-type-post_type menu-item-object-location menu-item-820\"><a href=\"https:\/\/www.bikago.com\/de\/bali\/jimbaran-roller-und-motorradverleih\/\">Jimbaran<\/a><\/li>\n<li id=\"menu-item-1143\" class=\"menu-item menu-item-type-post_type menu-item-object-location menu-item-1143\"><a href=\"https:\/\/www.bikago.com\/de\/bali\/bikago-roller-und-motorradverleih-lovina\/\">Lovina<\/a><\/li>\n<li id=\"menu-item-822\" class=\"menu-item menu-item-type-post_type menu-item-object-location menu-item-822\"><a href=\"https:\/\/www.bikago.com\/de\/bali\/die-nr-1-unter-den-motorrad-und-roller-verleihfirmen-am-flughafen-bali-dps\/\">Flughafen Ngurah Rai Bali<\/a><\/li>\n<li id=\"menu-item-1171\" class=\"menu-item menu-item-type-post_type menu-item-object-location menu-item-1171\"><a href=\"https:\/\/www.bikago.com\/de\/bali\/bikago-roller-und-motorradverleih-padangbai\/\">Padangbai<\/a><\/li>\n<li id=\"menu-item-818\" class=\"menu-item menu-item-type-post_type menu-item-object-location menu-item-818\"><a href=\"https:\/\/www.bikago.com\/de\/bali\/sanur-scooter-bike-rental\/\">Sanur<\/a><\/li>\n<li id=\"menu-item-821\" class=\"menu-item menu-item-type-post_type menu-item-object-location menu-item-821\"><a href=\"https:\/\/www.bikago.com\/de\/bali\/bikago-roller-und-motorradverleih-seminyak\/\">Seminyak<\/a><\/li>\n<li id=\"menu-item-1012\" class=\"menu-item menu-item-type-post_type menu-item-object-location menu-item-1012\"><a href=\"https:\/\/www.bikago.com\/de\/ubud\/\">Ubud<\/a><\/li>\n<li id=\"menu-item-273031\" class=\"menu-item menu-item-type-post_type menu-item-object-location menu-item-273031\"><a href=\"https:\/\/www.bikago.com\/bali\/uluwatu-scooter-bike-rental\/\">Uluwatu<\/a><\/li>\n<\/ul>\n","protected":false},"excerpt":{"rendered":"<p>Ben\u00f6tigen Sie einen Roller oder ein Motorrad in Canggu? Sie m\u00f6chten in Canggu einen Roller oder ein Motorrad mieten? Dann sind Sie hier genau richtig. Willkommen bei Bikago \u2013 dem f\u00fchrenden Roller- und Motorradverleih auf Bali. Unsere Filiale in Canggu liegt zentral in der Jalan Batu Bolong und bietet verschiedene Arten von Rollern und Motorr\u00e4dern [&hellip;]<\/p>\n","protected":false},"author":1,"featured_media":4096,"parent":4079,"menu_order":0,"comment_status":"closed","ping_status":"closed","template":"","meta":{"_acf_changed":false,"footnotes":""},"location-tag":[30],"class_list":["post-4099","page","type-page","status-publish","has-post-thumbnail","hentry","location-tag-bali"],"acf":[],"yoast_head":"<!-- This site is optimized with the Yoast SEO Premium plugin v27.4 (Yoast SEO v27.4) - https:\/\/yoast.com\/product\/yoast-seo-premium-wordpress\/ -->\n<title>Bikago Roller- und Motorradverleih \u2013 Canggu<\/title>\n<meta name=\"description\" content=\"Motorrad- und Rollerverleih in Canggu, Bali. Perfekt, um den Strand von Canggu und malerische Routen zu erkunden. Buchen Sie online f\u00fcr einen sicheren und stressfreien Motorradverleih auf Bali!\" \/>\n<meta name=\"robots\" content=\"index, follow, max-snippet:-1, max-image-preview:large, max-video-preview:-1\" \/>\n<link rel=\"canonical\" href=\"https:\/\/www.bikago.com\/de\/wp-json\/wp\/v2\/pages\/4099\/\" \/>\n<meta property=\"og:locale\" content=\"de_DE\" \/>\n<meta property=\"og:type\" content=\"article\" \/>\n<meta property=\"og:title\" content=\"Bikago Roller- und Motorradverleih \u2013 Canggu\" \/>\n<meta property=\"og:description\" content=\"Motorrad- und Rollerverleih in Canggu, Bali. Perfekt, um den Strand von Canggu und malerische Routen zu erkunden. Buchen Sie online f\u00fcr einen sicheren und stressfreien Motorradverleih auf Bali!\" \/>\n<meta property=\"og:url\" content=\"https:\/\/www.bikago.com\/de\/bali\/bikago-roller-und-motorradverleih-canggu\/\" \/>\n<meta property=\"og:site_name\" content=\"Bikago\" \/>\n<meta property=\"article:publisher\" content=\"https:\/\/www.facebook.com\/bikago.rental\" \/>\n<meta property=\"article:modified_time\" content=\"2026-05-06T12:27:34+00:00\" \/>\n<meta property=\"og:image\" content=\"https:\/\/www.bikago.com\/wp-content\/uploads\/2025\/05\/Photo-1.webp\" \/>\n\t<meta property=\"og:image:width\" content=\"264\" \/>\n\t<meta property=\"og:image:height\" content=\"396\" \/>\n\t<meta property=\"og:image:type\" content=\"image\/webp\" \/>\n<meta name=\"twitter:card\" content=\"summary_large_image\" \/>\n<meta name=\"twitter:label1\" content=\"Gesch\u00e4tzte Lesezeit\" \/>\n\t<meta name=\"twitter:data1\" content=\"5\u00a0Minuten\" \/>\n<script type=\"application\/ld+json\" class=\"yoast-schema-graph\">{\"@context\":\"https:\\\/\\\/schema.org\",\"@graph\":[{\"@type\":\"WebPage\",\"@id\":\"https:\\\/\\\/www.bikago.com\\\/de\\\/bali\\\/bikago-roller-und-motorradverleih-canggu\\\/\",\"url\":\"https:\\\/\\\/www.bikago.com\\\/de\\\/bali\\\/bikago-roller-und-motorradverleih-canggu\\\/\",\"name\":\"Bikago Roller- und Motorradverleih \u2013 Canggu\",\"isPartOf\":{\"@id\":\"https:\\\/\\\/www.bikago.com\\\/de\\\/#website\"},\"primaryImageOfPage\":{\"@id\":\"https:\\\/\\\/www.bikago.com\\\/de\\\/bali\\\/bikago-roller-und-motorradverleih-canggu\\\/#primaryimage\"},\"image\":{\"@id\":\"https:\\\/\\\/www.bikago.com\\\/de\\\/bali\\\/bikago-roller-und-motorradverleih-canggu\\\/#primaryimage\"},\"thumbnailUrl\":\"https:\\\/\\\/www.bikago.com\\\/wp-content\\\/uploads\\\/2025\\\/05\\\/Photo-1.webp\",\"datePublished\":\"2024-11-12T07:02:20+00:00\",\"dateModified\":\"2026-05-06T12:27:34+00:00\",\"description\":\"Motorrad- und Rollerverleih in Canggu, Bali. Perfekt, um den Strand von Canggu und malerische Routen zu erkunden. Buchen Sie online f\u00fcr einen sicheren und stressfreien Motorradverleih auf Bali!\",\"breadcrumb\":{\"@id\":\"https:\\\/\\\/www.bikago.com\\\/de\\\/bali\\\/bikago-roller-und-motorradverleih-canggu\\\/#breadcrumb\"},\"inLanguage\":\"de\",\"potentialAction\":[{\"@type\":\"ReadAction\",\"target\":[\"https:\\\/\\\/www.bikago.com\\\/de\\\/bali\\\/bikago-roller-und-motorradverleih-canggu\\\/\"]}]},{\"@type\":\"ImageObject\",\"inLanguage\":\"de\",\"@id\":\"https:\\\/\\\/www.bikago.com\\\/de\\\/bali\\\/bikago-roller-und-motorradverleih-canggu\\\/#primaryimage\",\"url\":\"https:\\\/\\\/www.bikago.com\\\/wp-content\\\/uploads\\\/2025\\\/05\\\/Photo-1.webp\",\"contentUrl\":\"https:\\\/\\\/www.bikago.com\\\/wp-content\\\/uploads\\\/2025\\\/05\\\/Photo-1.webp\",\"width\":264,\"height\":396,\"caption\":\"Foto 1\"},{\"@type\":\"BreadcrumbList\",\"@id\":\"https:\\\/\\\/www.bikago.com\\\/de\\\/bali\\\/bikago-roller-und-motorradverleih-canggu\\\/#breadcrumb\",\"itemListElement\":[{\"@type\":\"ListItem\",\"position\":1,\"name\":\"Home\",\"item\":\"https:\\\/\\\/www.bikago.com\\\/de\\\/roller-verleih-in-bali-lombok-phuket-krabi-und-chiang-mai\\\/\"},{\"@type\":\"ListItem\",\"position\":2,\"name\":\"Bali Vermietung\",\"item\":\"https:\\\/\\\/www.bikago.com\\\/de\\\/bali\\\/\"},{\"@type\":\"ListItem\",\"position\":3,\"name\":\"Bikago Roller- und Motorradverleih \u2013 Canggu\"}]},{\"@type\":\"WebSite\",\"@id\":\"https:\\\/\\\/www.bikago.com\\\/de\\\/#website\",\"url\":\"https:\\\/\\\/www.bikago.com\\\/de\\\/\",\"name\":\"Bikago\",\"description\":\"\",\"publisher\":{\"@id\":\"https:\\\/\\\/www.bikago.com\\\/de\\\/#organization\"},\"potentialAction\":[{\"@type\":\"SearchAction\",\"target\":{\"@type\":\"EntryPoint\",\"urlTemplate\":\"https:\\\/\\\/www.bikago.com\\\/de\\\/?s={search_term_string}\"},\"query-input\":{\"@type\":\"PropertyValueSpecification\",\"valueRequired\":true,\"valueName\":\"search_term_string\"}}],\"inLanguage\":\"de\"},{\"@type\":[\"Organization\",\"Place\"],\"@id\":\"https:\\\/\\\/www.bikago.com\\\/de\\\/#organization\",\"name\":\"Bikago - Quality Bike Rentals\",\"alternateName\":\"Bikago - Quality Bike Rentals\",\"url\":\"https:\\\/\\\/www.bikago.com\\\/de\\\/\",\"logo\":{\"@id\":\"https:\\\/\\\/www.bikago.com\\\/de\\\/bali\\\/bikago-roller-und-motorradverleih-canggu\\\/#local-main-organization-logo\"},\"image\":{\"@id\":\"https:\\\/\\\/www.bikago.com\\\/de\\\/bali\\\/bikago-roller-und-motorradverleih-canggu\\\/#local-main-organization-logo\"},\"sameAs\":[\"https:\\\/\\\/www.facebook.com\\\/bikago.rental\",\"https:\\\/\\\/www.instagram.com\\\/bikago.bikerental\",\"https:\\\/\\\/www.linkedin.com\\\/company\\\/bikago\"],\"description\":\"Bikago is Southeast Asia's leading premium motorbike and scooter rental provider, offering trusted, safety-first rentals across Indonesia (Bali, Lombok) and Thailand (Phuket, Krabi, Chiang Mai). Famed for its impeccably maintained, fully-insured fleet and 24\\\/7 English-speaking roadside assistance, Bikago delivers a worry-free travel and rental experience, empowering adventurers to explore the region's best destinations.\",\"legalName\":\"Bikago Pte Ltd.\",\"foundingDate\":\"2014-03-20\",\"numberOfEmployees\":{\"@type\":\"QuantitativeValue\",\"minValue\":\"51\",\"maxValue\":\"200\"},\"telephone\":[],\"openingHoursSpecification\":[{\"@type\":\"OpeningHoursSpecification\",\"dayOfWeek\":[\"Monday\",\"Tuesday\",\"Wednesday\",\"Thursday\",\"Friday\",\"Saturday\",\"Sunday\"],\"opens\":\"09:00\",\"closes\":\"17:00\"}]},{\"@type\":\"ImageObject\",\"inLanguage\":\"de\",\"@id\":\"https:\\\/\\\/www.bikago.com\\\/de\\\/bali\\\/bikago-roller-und-motorradverleih-canggu\\\/#local-main-organization-logo\",\"url\":\"https:\\\/\\\/www.bikago.com\\\/wp-content\\\/uploads\\\/2025\\\/10\\\/Bikago-logo-Yellow-White-Square.jpg\",\"contentUrl\":\"https:\\\/\\\/www.bikago.com\\\/wp-content\\\/uploads\\\/2025\\\/10\\\/Bikago-logo-Yellow-White-Square.jpg\",\"width\":1000,\"height\":1000,\"caption\":\"Bikago - Quality Bike Rentals\"}]}<\/script>\n<!-- \/ Yoast SEO Premium plugin. -->","yoast_head_json":{"title":"Bikago Roller- und Motorradverleih \u2013 Canggu","description":"Motorrad- und Rollerverleih in Canggu, Bali. Perfekt, um den Strand von Canggu und malerische Routen zu erkunden. Buchen Sie online f\u00fcr einen sicheren und stressfreien Motorradverleih auf Bali!","robots":{"index":"index","follow":"follow","max-snippet":"max-snippet:-1","max-image-preview":"max-image-preview:large","max-video-preview":"max-video-preview:-1"},"canonical":"https:\/\/www.bikago.com\/de\/wp-json\/wp\/v2\/pages\/4099\/","og_locale":"de_DE","og_type":"article","og_title":"Bikago Roller- und Motorradverleih \u2013 Canggu","og_description":"Motorrad- und Rollerverleih in Canggu, Bali. Perfekt, um den Strand von Canggu und malerische Routen zu erkunden. Buchen Sie online f\u00fcr einen sicheren und stressfreien Motorradverleih auf Bali!","og_url":"https:\/\/www.bikago.com\/de\/bali\/bikago-roller-und-motorradverleih-canggu\/","og_site_name":"Bikago","article_publisher":"https:\/\/www.facebook.com\/bikago.rental","article_modified_time":"2026-05-06T12:27:34+00:00","og_image":[{"width":264,"height":396,"url":"https:\/\/www.bikago.com\/wp-content\/uploads\/2025\/05\/Photo-1.webp","type":"image\/webp"}],"twitter_card":"summary_large_image","twitter_misc":{"Gesch\u00e4tzte Lesezeit":"5\u00a0Minuten"},"schema":{"@context":"https:\/\/schema.org","@graph":[{"@type":"WebPage","@id":"https:\/\/www.bikago.com\/de\/bali\/bikago-roller-und-motorradverleih-canggu\/","url":"https:\/\/www.bikago.com\/de\/bali\/bikago-roller-und-motorradverleih-canggu\/","name":"Bikago Roller- und Motorradverleih \u2013 Canggu","isPartOf":{"@id":"https:\/\/www.bikago.com\/de\/#website"},"primaryImageOfPage":{"@id":"https:\/\/www.bikago.com\/de\/bali\/bikago-roller-und-motorradverleih-canggu\/#primaryimage"},"image":{"@id":"https:\/\/www.bikago.com\/de\/bali\/bikago-roller-und-motorradverleih-canggu\/#primaryimage"},"thumbnailUrl":"https:\/\/www.bikago.com\/wp-content\/uploads\/2025\/05\/Photo-1.webp","datePublished":"2024-11-12T07:02:20+00:00","dateModified":"2026-05-06T12:27:34+00:00","description":"Motorrad- und Rollerverleih in Canggu, Bali. Perfekt, um den Strand von Canggu und malerische Routen zu erkunden. Buchen Sie online f\u00fcr einen sicheren und stressfreien Motorradverleih auf Bali!","breadcrumb":{"@id":"https:\/\/www.bikago.com\/de\/bali\/bikago-roller-und-motorradverleih-canggu\/#breadcrumb"},"inLanguage":"de","potentialAction":[{"@type":"ReadAction","target":["https:\/\/www.bikago.com\/de\/bali\/bikago-roller-und-motorradverleih-canggu\/"]}]},{"@type":"ImageObject","inLanguage":"de","@id":"https:\/\/www.bikago.com\/de\/bali\/bikago-roller-und-motorradverleih-canggu\/#primaryimage","url":"https:\/\/www.bikago.com\/wp-content\/uploads\/2025\/05\/Photo-1.webp","contentUrl":"https:\/\/www.bikago.com\/wp-content\/uploads\/2025\/05\/Photo-1.webp","width":264,"height":396,"caption":"Foto 1"},{"@type":"BreadcrumbList","@id":"https:\/\/www.bikago.com\/de\/bali\/bikago-roller-und-motorradverleih-canggu\/#breadcrumb","itemListElement":[{"@type":"ListItem","position":1,"name":"Home","item":"https:\/\/www.bikago.com\/de\/roller-verleih-in-bali-lombok-phuket-krabi-und-chiang-mai\/"},{"@type":"ListItem","position":2,"name":"Bali Vermietung","item":"https:\/\/www.bikago.com\/de\/bali\/"},{"@type":"ListItem","position":3,"name":"Bikago Roller- und Motorradverleih \u2013 Canggu"}]},{"@type":"WebSite","@id":"https:\/\/www.bikago.com\/de\/#website","url":"https:\/\/www.bikago.com\/de\/","name":"Bikago","description":"","publisher":{"@id":"https:\/\/www.bikago.com\/de\/#organization"},"potentialAction":[{"@type":"SearchAction","target":{"@type":"EntryPoint","urlTemplate":"https:\/\/www.bikago.com\/de\/?s={search_term_string}"},"query-input":{"@type":"PropertyValueSpecification","valueRequired":true,"valueName":"search_term_string"}}],"inLanguage":"de"},{"@type":["Organization","Place"],"@id":"https:\/\/www.bikago.com\/de\/#organization","name":"Bikago - Quality Bike Rentals","alternateName":"Bikago - Quality Bike Rentals","url":"https:\/\/www.bikago.com\/de\/","logo":{"@id":"https:\/\/www.bikago.com\/de\/bali\/bikago-roller-und-motorradverleih-canggu\/#local-main-organization-logo"},"image":{"@id":"https:\/\/www.bikago.com\/de\/bali\/bikago-roller-und-motorradverleih-canggu\/#local-main-organization-logo"},"sameAs":["https:\/\/www.facebook.com\/bikago.rental","https:\/\/www.instagram.com\/bikago.bikerental","https:\/\/www.linkedin.com\/company\/bikago"],"description":"Bikago is Southeast Asia's leading premium motorbike and scooter rental provider, offering trusted, safety-first rentals across Indonesia (Bali, Lombok) and Thailand (Phuket, Krabi, Chiang Mai). Famed for its impeccably maintained, fully-insured fleet and 24\/7 English-speaking roadside assistance, Bikago delivers a worry-free travel and rental experience, empowering adventurers to explore the region's best destinations.","legalName":"Bikago Pte Ltd.","foundingDate":"2014-03-20","numberOfEmployees":{"@type":"QuantitativeValue","minValue":"51","maxValue":"200"},"telephone":[],"openingHoursSpecification":[{"@type":"OpeningHoursSpecification","dayOfWeek":["Monday","Tuesday","Wednesday","Thursday","Friday","Saturday","Sunday"],"opens":"09:00","closes":"17:00"}]},{"@type":"ImageObject","inLanguage":"de","@id":"https:\/\/www.bikago.com\/de\/bali\/bikago-roller-und-motorradverleih-canggu\/#local-main-organization-logo","url":"https:\/\/www.bikago.com\/wp-content\/uploads\/2025\/10\/Bikago-logo-Yellow-White-Square.jpg","contentUrl":"https:\/\/www.bikago.com\/wp-content\/uploads\/2025\/10\/Bikago-logo-Yellow-White-Square.jpg","width":1000,"height":1000,"caption":"Bikago - Quality Bike Rentals"}]}},"_links":{"self":[{"href":"https:\/\/www.bikago.com\/de\/wp-json\/wp\/v2\/pages\/4099","targetHints":{"allow":["GET"]}}],"collection":[{"href":"https:\/\/www.bikago.com\/de\/wp-json\/wp\/v2\/pages"}],"about":[{"href":"https:\/\/www.bikago.com\/de\/wp-json\/wp\/v2\/types\/page"}],"author":[{"embeddable":true,"href":"https:\/\/www.bikago.com\/de\/wp-json\/wp\/v2\/users\/1"}],"replies":[{"embeddable":true,"href":"https:\/\/www.bikago.com\/de\/wp-json\/wp\/v2\/comments?post=4099"}],"version-history":[{"count":1,"href":"https:\/\/www.bikago.com\/de\/wp-json\/wp\/v2\/pages\/4099\/revisions"}],"predecessor-version":[{"id":5371,"href":"https:\/\/www.bikago.com\/de\/wp-json\/wp\/v2\/pages\/4099\/revisions\/5371"}],"up":[{"embeddable":true,"href":"https:\/\/www.bikago.com\/de\/wp-json\/wp\/v2\/pages\/4079"}],"wp:featuredmedia":[{"embeddable":true,"href":"https:\/\/www.bikago.com\/de\/wp-json\/wp\/v2\/media\/4096"}],"wp:attachment":[{"href":"https:\/\/www.bikago.com\/de\/wp-json\/wp\/v2\/media?parent=4099"}],"wp:term":[{"taxonomy":"location-tag","embeddable":true,"href":"https:\/\/www.bikago.com\/de\/wp-json\/wp\/v2\/location-tag?post=4099"}],"curies":[{"name":"wp","href":"https:\/\/api.w.org\/{rel}","templated":true}]}}